{"id":251,"date":"2025-08-15T08:48:18","date_gmt":"2025-08-15T13:48:18","guid":{"rendered":"https:\/\/itcertifica.com\/sitio_nuevo\/?page_id=251"},"modified":"2025-09-19T12:38:13","modified_gmt":"2025-09-19T17:38:13","slug":"ritel","status":"publish","type":"page","link":"https:\/\/itcertifica.com\/sitio_nuevo\/ritel\/","title":{"rendered":"RITEL"},"content":{"rendered":"\t\t<div data-elementor-type=\"wp-page\" data-elementor-id=\"251\" class=\"elementor elementor-251\">\n\t\t\t\t<div class=\"elementor-element elementor-element-1f2722db e-con-full e-flex e-con e-parent\" data-id=\"1f2722db\" data-element_type=\"container\">\n\t\t<div class=\"elementor-element elementor-element-6d0f37e0 e-con-full e-flex e-con e-child\" data-id=\"6d0f37e0\" data-element_type=\"container\" data-settings=\"{&quot;background_background&quot;:&quot;classic&quot;}\">\n\t\t\t\t<div class=\"elementor-element elementor-element-e6e8283 elementor-widget elementor-widget-heading\" data-id=\"e6e8283\" data-element_type=\"widget\" data-widget_type=\"heading.default\">\n\t\t\t\t\t<h2 class=\"elementor-heading-title elementor-size-default\">\u00bfQu\u00e9 es RITEL y por qu\u00e9 confiar en IT CERTIFICA SAS?<\/h2>\t\t\t\t<\/div>\n\t\t\t\t<div class=\"elementor-element elementor-element-74fede8 elementor-widget__width-initial elementor-icon-list--layout-traditional elementor-list-item-link-full_width elementor-widget elementor-widget-icon-list\" data-id=\"74fede8\" data-element_type=\"widget\" data-widget_type=\"icon-list.default\">\n\t\t\t\t\t\t\t<ul class=\"elementor-icon-list-items\">\n\t\t\t\t\t\t\t<li class=\"elementor-icon-list-item\">\n\t\t\t\t\t\t\t\t\t\t\t<span class=\"elementor-icon-list-icon\">\n\t\t\t\t\t\t\t<svg aria-hidden=\"true\" class=\"e-font-icon-svg e-fas-users-cog\" viewBox=\"0 0 640 512\" xmlns=\"http:\/\/www.w3.org\/2000\/svg\"><path d=\"M610.5 341.3c2.6-14.1 2.6-28.5 0-42.6l25.8-14.9c3-1.7 4.3-5.2 3.3-8.5-6.7-21.6-18.2-41.2-33.2-57.4-2.3-2.5-6-3.1-9-1.4l-25.8 14.9c-10.9-9.3-23.4-16.5-36.9-21.3v-29.8c0-3.4-2.4-6.4-5.7-7.1-22.3-5-45-4.8-66.2 0-3.3.7-5.7 3.7-5.7 7.1v29.8c-13.5 4.8-26 12-36.9 21.3l-25.8-14.9c-2.9-1.7-6.7-1.1-9 1.4-15 16.2-26.5 35.8-33.2 57.4-1 3.3.4 6.8 3.3 8.5l25.8 14.9c-2.6 14.1-2.6 28.5 0 42.6l-25.8 14.9c-3 1.7-4.3 5.2-3.3 8.5 6.7 21.6 18.2 41.1 33.2 57.4 2.3 2.5 6 3.1 9 1.4l25.8-14.9c10.9 9.3 23.4 16.5 36.9 21.3v29.8c0 3.4 2.4 6.4 5.7 7.1 22.3 5 45 4.8 66.2 0 3.3-.7 5.7-3.7 5.7-7.1v-29.8c13.5-4.8 26-12 36.9-21.3l25.8 14.9c2.9 1.7 6.7 1.1 9-1.4 15-16.2 26.5-35.8 33.2-57.4 1-3.3-.4-6.8-3.3-8.5l-25.8-14.9zM496 368.5c-26.8 0-48.5-21.8-48.5-48.5s21.8-48.5 48.5-48.5 48.5 21.8 48.5 48.5-21.7 48.5-48.5 48.5zM96 224c35.3 0 64-28.7 64-64s-28.7-64-64-64-64 28.7-64 64 28.7 64 64 64zm224 32c1.9 0 3.7-.5 5.6-.6 8.3-21.7 20.5-42.1 36.3-59.2 7.4-8 17.9-12.6 28.9-12.6 6.9 0 13.7 1.8 19.6 5.3l7.9 4.6c.8-.5 1.6-.9 2.4-1.4 7-14.6 11.2-30.8 11.2-48 0-61.9-50.1-112-112-112S208 82.1 208 144c0 61.9 50.1 112 112 112zm105.2 194.5c-2.3-1.2-4.6-2.6-6.8-3.9-8.2 4.8-15.3 9.8-27.5 9.8-10.9 0-21.4-4.6-28.9-12.6-18.3-19.8-32.3-43.9-40.2-69.6-10.7-34.5 24.9-49.7 25.8-50.3-.1-2.6-.1-5.2 0-7.8l-7.9-4.6c-3.8-2.2-7-5-9.8-8.1-3.3.2-6.5.6-9.8.6-24.6 0-47.6-6-68.5-16h-8.3C179.6 288 128 339.6 128 403.2V432c0 26.5 21.5 48 48 48h255.4c-3.7-6-6.2-12.8-6.2-20.3v-9.2zM173.1 274.6C161.5 263.1 145.6 256 128 256H64c-35.3 0-64 28.7-64 64v32c0 17.7 14.3 32 32 32h65.9c6.3-47.4 34.9-87.3 75.2-109.4z\"><\/path><\/svg>\t\t\t\t\t\t<\/span>\n\t\t\t\t\t\t\t\t\t\t<span class=\"elementor-icon-list-text\">Reglamento T\u00e9cnico para Redes Internas de Telecomunicaciones, contiene caracter\u00edsticas m\u00ednimas de la infraestructura soporte de la red interna de telecomunicaciones e infraestructura consumible para la red TDT, en viviendas que respondan al r\u00e9gimen de copropiedad o propiedad horizontal (ley 675 de 2001), con la finalidad de garantizar la libre elecci\u00f3n de operador por parte de los usuarios y la prestaci\u00f3n de los servicios para el desarrollo digital del pa\u00eds. Rige a partir del 1 de Julio de 2019 sobre aquellos inmuebles con licencia de construcci\u00f3n como obra nueva. En IT CERTIFICA SAS, estamos acreditados y actualizados con la \u00faltima normativa en RITEL, conforme a las resoluciones: la Resoluci\u00f3n CRC 5050 de 2016, que establece el reglamento actual, la Resoluci\u00f3n CRC 5405 de 2018; la Resoluci\u00f3n CRC 5993 de 2020, que introduce importantes modificaciones; y la Resoluci\u00f3n CRC 6771 de 2022, la m\u00e1s reciente, que consolidan las mejores pr\u00e1cticas y requisitos t\u00e9cnicos.<\/span>\n\t\t\t\t\t\t\t\t\t<\/li>\n\t\t\t\t\t\t<\/ul>\n\t\t\t\t\t\t<\/div>\n\t\t\t\t<\/div>\n\t\t<div class=\"elementor-element elementor-element-296ccd13 e-con-full e-flex e-con e-child\" data-id=\"296ccd13\" data-element_type=\"container\">\n\t\t\t\t<div class=\"elementor-element elementor-element-3d301415 elementor-widget elementor-widget-image\" data-id=\"3d301415\" data-element_type=\"widget\" data-widget_type=\"image.default\">\n\t\t\t\t\t\t\t\t\t\t\t\t\t\t\t<img fetchpriority=\"high\" decoding=\"async\" width=\"513\" height=\"198\" src=\"http:\/\/itcertifica.com\/sitio_nuevo\/wp-content\/uploads\/2025\/08\/Logo_ONAC_IT_2023.jpeg\" class=\"attachment-large size-large wp-image-199\" alt=\"\" \/>\t\t\t\t\t\t\t\t\t\t\t\t\t\t\t<\/div>\n\t\t\t\t<div class=\"elementor-element elementor-element-5f0cf3f4 elementor-align-center e-transform elementor-widget elementor-widget-button\" data-id=\"5f0cf3f4\" data-element_type=\"widget\" data-settings=\"{&quot;_transform_scale_effect_hover&quot;:{&quot;unit&quot;:&quot;px&quot;,&quot;size&quot;:1.1999999999999999555910790149937383830547332763671875,&quot;sizes&quot;:[]},&quot;_transform_scale_effect_hover_tablet&quot;:{&quot;unit&quot;:&quot;px&quot;,&quot;size&quot;:&quot;&quot;,&quot;sizes&quot;:[]},&quot;_transform_scale_effect_hover_mobile&quot;:{&quot;unit&quot;:&quot;px&quot;,&quot;size&quot;:&quot;&quot;,&quot;sizes&quot;:[]}}\" data-widget_type=\"button.default\">\n\t\t\t\t\t\t\t\t\t\t<a class=\"elementor-button elementor-button-link elementor-size-sm\" href=\"http:\/\/itcertifica.com\/sitio_nuevo\/wp-content\/uploads\/2025\/09\/ITC-DO-OI-05-Alcance_de_Acreditacion_OIN-ONAC.-2.pdf\" target=\"_blank\">\n\t\t\t\t\t\t<span class=\"elementor-button-content-wrapper\">\n\t\t\t\t\t\t\t\t\t<span class=\"elementor-button-text\">Ver alcance de Acreditaci\u00f3n<\/span>\n\t\t\t\t\t<\/span>\n\t\t\t\t\t<\/a>\n\t\t\t\t\t\t\t\t<\/div>\n\t\t\t\t<div class=\"elementor-element elementor-element-56476664 elementor-align-center e-transform elementor-widget elementor-widget-button\" data-id=\"56476664\" data-element_type=\"widget\" data-settings=\"{&quot;_transform_scale_effect_hover&quot;:{&quot;unit&quot;:&quot;px&quot;,&quot;size&quot;:1.1999999999999999555910790149937383830547332763671875,&quot;sizes&quot;:[]},&quot;_transform_scale_effect_hover_tablet&quot;:{&quot;unit&quot;:&quot;px&quot;,&quot;size&quot;:&quot;&quot;,&quot;sizes&quot;:[]},&quot;_transform_scale_effect_hover_mobile&quot;:{&quot;unit&quot;:&quot;px&quot;,&quot;size&quot;:&quot;&quot;,&quot;sizes&quot;:[]}}\" data-widget_type=\"button.default\">\n\t\t\t\t\t\t\t\t\t\t<a class=\"elementor-button elementor-button-link elementor-size-sm\" href=\"https:\/\/wa.me\/573115990784\" target=\"_blank\">\n\t\t\t\t\t\t<span class=\"elementor-button-content-wrapper\">\n\t\t\t\t\t\t\t\t\t<span class=\"elementor-button-text\">Realice su cotizaci\u00f3n aqu\u00ed<\/span>\n\t\t\t\t\t<\/span>\n\t\t\t\t\t<\/a>\n\t\t\t\t\t\t\t\t<\/div>\n\t\t\t\t<div class=\"elementor-element elementor-element-3626699 elementor-align-center elementor-widget__width-initial e-transform e-transform elementor-widget elementor-widget-button\" data-id=\"3626699\" data-element_type=\"widget\" data-settings=\"{&quot;_transform_scale_effect_hover&quot;:{&quot;unit&quot;:&quot;px&quot;,&quot;size&quot;:1.1999999999999999555910790149937383830547332763671875,&quot;sizes&quot;:[]},&quot;_transform_scale_effect&quot;:{&quot;unit&quot;:&quot;px&quot;,&quot;size&quot;:&quot;&quot;,&quot;sizes&quot;:[]},&quot;_transform_scale_effect_tablet&quot;:{&quot;unit&quot;:&quot;px&quot;,&quot;size&quot;:&quot;&quot;,&quot;sizes&quot;:[]},&quot;_transform_scale_effect_mobile&quot;:{&quot;unit&quot;:&quot;px&quot;,&quot;size&quot;:&quot;&quot;,&quot;sizes&quot;:[]},&quot;_transform_scale_effect_hover_tablet&quot;:{&quot;unit&quot;:&quot;px&quot;,&quot;size&quot;:&quot;&quot;,&quot;sizes&quot;:[]},&quot;_transform_scale_effect_hover_mobile&quot;:{&quot;unit&quot;:&quot;px&quot;,&quot;size&quot;:&quot;&quot;,&quot;sizes&quot;:[]}}\" data-widget_type=\"button.default\">\n\t\t\t\t\t\t\t\t\t\t<a class=\"elementor-button elementor-button-link elementor-size-sm\" href=\"http:\/\/itcertifica.com\/sitio_nuevo\/wp-content\/uploads\/2025\/09\/ITC-FO-AO-Anexo-A-Aceptacion-oferta-VF-23.pdf\" target=\"_blank\">\n\t\t\t\t\t\t<span class=\"elementor-button-content-wrapper\">\n\t\t\t\t\t\t\t\t\t<span class=\"elementor-button-text\">Anexo Aceptaci\u00f3n de oferta<\/span>\n\t\t\t\t\t<\/span>\n\t\t\t\t\t<\/a>\n\t\t\t\t\t\t\t\t<\/div>\n\t\t\t\t<\/div>\n\t\t\t\t<\/div>\n\t\t<div class=\"elementor-element elementor-element-4b7a69e e-flex e-con-boxed e-con e-parent\" data-id=\"4b7a69e\" data-element_type=\"container\">\n\t\t\t\t\t<div class=\"e-con-inner\">\n\t\t\t\t<div class=\"elementor-element elementor-element-f4da1db elementor-widget__width-initial elementor-widget elementor-widget-text-editor\" data-id=\"f4da1db\" data-element_type=\"widget\" data-widget_type=\"text-editor.default\">\n\t\t\t\t\t\t\t\t\t<p>Nuestra experiencia y conocimiento en RITEL nos permiten ofrecerte soluciones confiables, seguras&nbsp;<span style=\"font-style: inherit; font-weight: inherit;\">y ajustadas a la normativa exigida en el mercado. En las instalaciones residenciales y mixtas,&nbsp;<\/span><span style=\"font-style: inherit; font-weight: inherit;\">somos tu mejor aliado para garantizar el cumplimiento normativo y la protecci\u00f3n de tus bienes y personas.<\/span><\/p>\n<p><\/p>\n<p>Elegir a IT CERTIFICA SAS es apostar por la experiencia, excelencia y la confianza.<\/p>\n<p>\u00a1Cont\u00e1ctanos hoy mismo y asegura que tus redes internas de telecomunicaci\u00f3n cumplen<\/p>\n<p>con las normativas definidas en el pa\u00eds!<\/p>\t\t\t\t\t\t\t\t<\/div>\n\t\t\t\t<div class=\"elementor-element elementor-element-33cc7e4 elementor-widget elementor-widget-spacer\" data-id=\"33cc7e4\" data-element_type=\"widget\" data-widget_type=\"spacer.default\">\n\t\t\t\t\t\t\t<div class=\"elementor-spacer\">\n\t\t\t<div class=\"elementor-spacer-inner\"><\/div>\n\t\t<\/div>\n\t\t\t\t\t\t<\/div>\n\t\t\t\t\t<\/div>\n\t\t\t\t<\/div>\n\t\t<div class=\"elementor-element elementor-element-eb4efc4 e-flex e-con-boxed e-con e-parent\" data-id=\"eb4efc4\" data-element_type=\"container\">\n\t\t\t\t\t<div class=\"e-con-inner\">\n\t\t\t\t<div class=\"elementor-element elementor-element-1f73cce elementor-widget elementor-widget-heading\" data-id=\"1f73cce\" data-element_type=\"widget\" data-widget_type=\"heading.default\">\n\t\t\t\t\t<h2 class=\"elementor-heading-title elementor-size-default\">Nuestros Servicios<\/h2>\t\t\t\t<\/div>\n\t\t\t\t<div class=\"elementor-element elementor-element-7906a7e elementor-widget elementor-widget-spacer\" data-id=\"7906a7e\" data-element_type=\"widget\" data-widget_type=\"spacer.default\">\n\t\t\t\t\t\t\t<div class=\"elementor-spacer\">\n\t\t\t<div class=\"elementor-spacer-inner\"><\/div>\n\t\t<\/div>\n\t\t\t\t\t\t<\/div>\n\t\t\t\t\t<\/div>\n\t\t\t\t<\/div>\n\t\t<div class=\"elementor-element elementor-element-13e1f8c e-con-full e-flex e-con e-parent\" data-id=\"13e1f8c\" data-element_type=\"container\" data-settings=\"{&quot;background_background&quot;:&quot;classic&quot;}\">\n\t\t<div class=\"elementor-element elementor-element-8323d6b e-con-full e-flex e-con e-child\" data-id=\"8323d6b\" data-element_type=\"container\">\n\t\t\t\t<div class=\"elementor-element elementor-element-0b07fb3 elementor-widget__width-initial elementor-invisible elementor-widget elementor-widget-image\" data-id=\"0b07fb3\" data-element_type=\"widget\" data-settings=\"{&quot;_animation&quot;:&quot;fadeInDown&quot;}\" data-widget_type=\"image.default\">\n\t\t\t\t\t\t\t\t\t\t\t\t\t\t\t<img decoding=\"async\" width=\"1024\" height=\"768\" src=\"http:\/\/itcertifica.com\/sitio_nuevo\/wp-content\/uploads\/2025\/09\/DSC08846.jpg\" class=\"elementor-animation-grow attachment-large size-large wp-image-1551\" alt=\"\" \/>\t\t\t\t\t\t\t\t\t\t\t\t\t\t\t<\/div>\n\t\t\t\t<div class=\"elementor-element elementor-element-60375bd elementor-widget elementor-widget-heading\" data-id=\"60375bd\" data-element_type=\"widget\" data-widget_type=\"heading.default\">\n\t\t\t\t\t<h2 class=\"elementor-heading-title elementor-size-default\">Infraestructura Soporte<\/h2>\t\t\t\t<\/div>\n\t\t\t\t<\/div>\n\t\t<div class=\"elementor-element elementor-element-c9be3d2 e-con-full e-flex e-con e-child\" data-id=\"c9be3d2\" data-element_type=\"container\">\n\t\t\t\t<div class=\"elementor-element elementor-element-586b6b5 elementor-widget__width-initial elementor-invisible elementor-widget elementor-widget-image\" data-id=\"586b6b5\" data-element_type=\"widget\" data-settings=\"{&quot;_animation&quot;:&quot;fadeInDown&quot;}\" data-widget_type=\"image.default\">\n\t\t\t\t\t\t\t\t\t\t\t\t\t\t\t<img decoding=\"async\" width=\"1024\" height=\"771\" src=\"http:\/\/itcertifica.com\/sitio_nuevo\/wp-content\/uploads\/2025\/09\/IMG_20230901_122039764.jpg\" class=\"elementor-animation-grow attachment-large size-large wp-image-1552\" alt=\"\" \/>\t\t\t\t\t\t\t\t\t\t\t\t\t\t\t<\/div>\n\t\t\t\t<div class=\"elementor-element elementor-element-d9ce749 elementor-widget elementor-widget-heading\" data-id=\"d9ce749\" data-element_type=\"widget\" data-widget_type=\"heading.default\">\n\t\t\t\t\t<h2 class=\"elementor-heading-title elementor-size-default\">Infraestructura Consumible - TDT<\/h2>\t\t\t\t<\/div>\n\t\t\t\t<\/div>\n\t\t\t\t<\/div>\n\t\t<div class=\"elementor-element elementor-element-22207d4 e-flex e-con-boxed e-con e-parent\" data-id=\"22207d4\" data-element_type=\"container\">\n\t\t\t\t\t<div class=\"e-con-inner\">\n\t\t\t\t<div class=\"elementor-element elementor-element-f64caf5 elementor-widget elementor-widget-spacer\" data-id=\"f64caf5\" data-element_type=\"widget\" data-widget_type=\"spacer.default\">\n\t\t\t\t\t\t\t<div class=\"elementor-spacer\">\n\t\t\t<div class=\"elementor-spacer-inner\"><\/div>\n\t\t<\/div>\n\t\t\t\t\t\t<\/div>\n\t\t\t\t\t<\/div>\n\t\t\t\t<\/div>\n\t\t<div class=\"elementor-element elementor-element-ab3858c e-con-full e-flex elementor-invisible e-con e-parent\" data-id=\"ab3858c\" data-element_type=\"container\" data-settings=\"{&quot;background_background&quot;:&quot;classic&quot;,&quot;shape_divider_top&quot;:&quot;triangle-asymmetrical&quot;,&quot;animation&quot;:&quot;rollIn&quot;}\">\n\t\t\t\t<div class=\"elementor-shape elementor-shape-top\" aria-hidden=\"true\" data-negative=\"false\">\n\t\t\t<svg xmlns=\"http:\/\/www.w3.org\/2000\/svg\" viewBox=\"0 0 1000 100\" preserveAspectRatio=\"none\">\n\t<path class=\"elementor-shape-fill\" d=\"M738,99l262-93V0H0v5.6L738,99z\"\/>\n<\/svg>\t\t<\/div>\n\t\t\t\t<div class=\"elementor-element elementor-element-42c9ddd3 elementor-widget__width-initial elementor-widget elementor-widget-heading\" data-id=\"42c9ddd3\" data-element_type=\"widget\" data-widget_type=\"heading.default\">\n\t\t\t\t\t<h3 class=\"elementor-heading-title elementor-size-default\">EN EL SIGUIENTE ENLACE PUEDES ENCONTRAR Y DESCARGAR LAS RESOLUCIONES VIGENTES DEL REGLAMENTO T\u00c9CNICO DE REDES INTERNAS DE TELECOMUNICACI\u00d3N \u2013 RITEL.<\/h3>\t\t\t\t<\/div>\n\t\t\t\t<div class=\"elementor-element elementor-element-965e104 elementor-align-center elementor-invisible elementor-widget elementor-widget-button\" data-id=\"965e104\" data-element_type=\"widget\" data-settings=\"{&quot;_animation&quot;:&quot;fadeInLeft&quot;}\" data-widget_type=\"button.default\">\n\t\t\t\t\t\t\t\t\t\t<a class=\"elementor-button elementor-button-link elementor-size-sm elementor-animation-pop\" href=\"https:\/\/www.crcom.gov.co\/es\/micrositios\/ritel\/reglamento\" target=\"_blank\">\n\t\t\t\t\t\t<span class=\"elementor-button-content-wrapper\">\n\t\t\t\t\t\t\t\t\t<span class=\"elementor-button-text\">Haz clic aqu\u00ed<\/span>\n\t\t\t\t\t<\/span>\n\t\t\t\t\t<\/a>\n\t\t\t\t\t\t\t\t<\/div>\n\t\t\t\t<\/div>\n\t\t<div class=\"elementor-element elementor-element-e7646f1 e-flex e-con-boxed e-con e-parent\" data-id=\"e7646f1\" data-element_type=\"container\">\n\t\t\t\t\t<div class=\"e-con-inner\">\n\t\t\t\t<div class=\"elementor-element elementor-element-4ac3411 elementor-widget elementor-widget-spacer\" data-id=\"4ac3411\" data-element_type=\"widget\" data-widget_type=\"spacer.default\">\n\t\t\t\t\t\t\t<div class=\"elementor-spacer\">\n\t\t\t<div class=\"elementor-spacer-inner\"><\/div>\n\t\t<\/div>\n\t\t\t\t\t\t<\/div>\n\t\t\t\t\t<\/div>\n\t\t\t\t<\/div>\n\t\t\t\t<\/div>\n\t\t","protected":false},"excerpt":{"rendered":"<p>\u00bfQu\u00e9 es RITEL y por qu\u00e9 confiar en IT CERTIFICA SAS? Reglamento T\u00e9cnico para Redes Internas de Telecomunicaciones, contiene caracter\u00edsticas [&hellip;]<\/p>\n","protected":false},"author":1,"featured_media":0,"parent":0,"menu_order":0,"comment_status":"closed","ping_status":"closed","template":"elementor_header_footer","meta":{"site-sidebar-layout":"no-sidebar","site-content-layout":"","ast-site-content-layout":"full-width-container","site-content-style":"default","site-sidebar-style":"default","ast-global-header-display":"","ast-banner-title-visibility":"","ast-main-header-display":"","ast-hfb-above-header-display":"","ast-hfb-below-header-display":"","ast-hfb-mobile-header-display":"","site-post-title":"","ast-breadcrumbs-content":"","ast-featured-img":"disabled","footer-sml-layout":"","theme-transparent-header-meta":"","adv-header-id-meta":"","stick-header-meta":"","header-above-stick-meta":"","header-main-stick-meta":"","header-below-stick-meta":"","astra-migrate-meta-layouts":"default","ast-page-background-enabled":"default","ast-page-background-meta":{"desktop":{"background-color":"var(--ast-global-color-5)","background-image":"","background-repeat":"repeat","background-position":"center center","background-size":"auto","background-attachment":"scroll","background-type":"","background-media":"","overlay-type":"","overlay-color":"","overlay-opacity":"","overlay-gradient":""},"tablet":{"background-color":"","background-image":"","background-repeat":"repeat","background-position":"center center","background-size":"auto","background-attachment":"scroll","background-type":"","background-media":"","overlay-type":"","overlay-color":"","overlay-opacity":"","overlay-gradient":""},"mobile":{"background-color":"","background-image":"","background-repeat":"repeat","background-position":"center center","background-size":"auto","background-attachment":"scroll","background-type":"","background-media":"","overlay-type":"","overlay-color":"","overlay-opacity":"","overlay-gradient":""}},"ast-content-background-meta":{"desktop":{"background-color":"var(--ast-global-color-4)","background-image":"","background-repeat":"repeat","background-position":"center center","background-size":"auto","background-attachment":"scroll","background-type":"","background-media":"","overlay-type":"","overlay-color":"","overlay-opacity":"","overlay-gradient":""},"tablet":{"background-color":"var(--ast-global-color-4)","background-image":"","background-repeat":"repeat","background-position":"center center","background-size":"auto","background-attachment":"scroll","background-type":"","background-media":"","overlay-type":"","overlay-color":"","overlay-opacity":"","overlay-gradient":""},"mobile":{"background-color":"var(--ast-global-color-4)","background-image":"","background-repeat":"repeat","background-position":"center center","background-size":"auto","background-attachment":"scroll","background-type":"","background-media":"","overlay-type":"","overlay-color":"","overlay-opacity":"","overlay-gradient":""}},"footnotes":""},"class_list":["post-251","page","type-page","status-publish","hentry"],"yoast_head":"<!-- This site is optimized with the Yoast SEO plugin v25.6 - https:\/\/yoast.com\/wordpress\/plugins\/seo\/ -->\n<title>RITEL - IT Certifica<\/title>\n<meta name=\"robots\" content=\"index, follow, max-snippet:-1, max-image-preview:large, max-video-preview:-1\" \/>\n<link rel=\"canonical\" href=\"http:\/\/itcertifica.com\/sitio_nuevo\/ritel\/\" \/>\n<meta property=\"og:locale\" content=\"es_ES\" \/>\n<meta property=\"og:type\" content=\"article\" \/>\n<meta property=\"og:title\" content=\"RITEL - IT Certifica\" \/>\n<meta property=\"og:description\" content=\"\u00bfQu\u00e9 es RITEL y por qu\u00e9 confiar en IT CERTIFICA SAS? Reglamento T\u00e9cnico para Redes Internas de Telecomunicaciones, contiene caracter\u00edsticas [&hellip;]\" \/>\n<meta property=\"og:url\" content=\"http:\/\/itcertifica.com\/sitio_nuevo\/ritel\/\" \/>\n<meta property=\"og:site_name\" content=\"IT Certifica\" \/>\n<meta property=\"article:modified_time\" content=\"2025-09-19T17:38:13+00:00\" \/>\n<meta property=\"og:image\" content=\"http:\/\/itcertifica.com\/sitio_nuevo\/wp-content\/uploads\/2025\/08\/Logo_ONAC_IT_2023.jpeg\" \/>\n<meta name=\"twitter:card\" content=\"summary_large_image\" \/>\n<meta name=\"twitter:label1\" content=\"Tiempo de lectura\" \/>\n\t<meta name=\"twitter:data1\" content=\"2 minutos\" \/>\n<script type=\"application\/ld+json\" class=\"yoast-schema-graph\">{\"@context\":\"https:\/\/schema.org\",\"@graph\":[{\"@type\":\"WebPage\",\"@id\":\"http:\/\/itcertifica.com\/sitio_nuevo\/ritel\/\",\"url\":\"http:\/\/itcertifica.com\/sitio_nuevo\/ritel\/\",\"name\":\"RITEL - IT Certifica\",\"isPartOf\":{\"@id\":\"http:\/\/itcertifica.com\/sitio_nuevo\/#website\"},\"primaryImageOfPage\":{\"@id\":\"http:\/\/itcertifica.com\/sitio_nuevo\/ritel\/#primaryimage\"},\"image\":{\"@id\":\"http:\/\/itcertifica.com\/sitio_nuevo\/ritel\/#primaryimage\"},\"thumbnailUrl\":\"http:\/\/itcertifica.com\/sitio_nuevo\/wp-content\/uploads\/2025\/08\/Logo_ONAC_IT_2023.jpeg\",\"datePublished\":\"2025-08-15T13:48:18+00:00\",\"dateModified\":\"2025-09-19T17:38:13+00:00\",\"breadcrumb\":{\"@id\":\"http:\/\/itcertifica.com\/sitio_nuevo\/ritel\/#breadcrumb\"},\"inLanguage\":\"es-CO\",\"potentialAction\":[{\"@type\":\"ReadAction\",\"target\":[\"http:\/\/itcertifica.com\/sitio_nuevo\/ritel\/\"]}]},{\"@type\":\"ImageObject\",\"inLanguage\":\"es-CO\",\"@id\":\"http:\/\/itcertifica.com\/sitio_nuevo\/ritel\/#primaryimage\",\"url\":\"https:\/\/itcertifica.com\/sitio_nuevo\/wp-content\/uploads\/2025\/08\/Logo_ONAC_IT_2023.jpeg\",\"contentUrl\":\"https:\/\/itcertifica.com\/sitio_nuevo\/wp-content\/uploads\/2025\/08\/Logo_ONAC_IT_2023.jpeg\",\"width\":513,\"height\":198},{\"@type\":\"BreadcrumbList\",\"@id\":\"http:\/\/itcertifica.com\/sitio_nuevo\/ritel\/#breadcrumb\",\"itemListElement\":[{\"@type\":\"ListItem\",\"position\":1,\"name\":\"Inicio\",\"item\":\"http:\/\/itcertifica.com\/sitio_nuevo\/\"},{\"@type\":\"ListItem\",\"position\":2,\"name\":\"RITEL\"}]},{\"@type\":\"WebSite\",\"@id\":\"http:\/\/itcertifica.com\/sitio_nuevo\/#website\",\"url\":\"http:\/\/itcertifica.com\/sitio_nuevo\/\",\"name\":\"IT Certifica\",\"description\":\"\",\"potentialAction\":[{\"@type\":\"SearchAction\",\"target\":{\"@type\":\"EntryPoint\",\"urlTemplate\":\"http:\/\/itcertifica.com\/sitio_nuevo\/?s={search_term_string}\"},\"query-input\":{\"@type\":\"PropertyValueSpecification\",\"valueRequired\":true,\"valueName\":\"search_term_string\"}}],\"inLanguage\":\"es-CO\"}]}<\/script>\n<!-- \/ Yoast SEO plugin. -->","yoast_head_json":{"title":"RITEL - IT Certifica","robots":{"index":"index","follow":"follow","max-snippet":"max-snippet:-1","max-image-preview":"max-image-preview:large","max-video-preview":"max-video-preview:-1"},"canonical":"http:\/\/itcertifica.com\/sitio_nuevo\/ritel\/","og_locale":"es_ES","og_type":"article","og_title":"RITEL - IT Certifica","og_description":"\u00bfQu\u00e9 es RITEL y por qu\u00e9 confiar en IT CERTIFICA SAS? Reglamento T\u00e9cnico para Redes Internas de Telecomunicaciones, contiene caracter\u00edsticas [&hellip;]","og_url":"http:\/\/itcertifica.com\/sitio_nuevo\/ritel\/","og_site_name":"IT Certifica","article_modified_time":"2025-09-19T17:38:13+00:00","og_image":[{"url":"http:\/\/itcertifica.com\/sitio_nuevo\/wp-content\/uploads\/2025\/08\/Logo_ONAC_IT_2023.jpeg","type":"","width":"","height":""}],"twitter_card":"summary_large_image","twitter_misc":{"Tiempo de lectura":"2 minutos"},"schema":{"@context":"https:\/\/schema.org","@graph":[{"@type":"WebPage","@id":"http:\/\/itcertifica.com\/sitio_nuevo\/ritel\/","url":"http:\/\/itcertifica.com\/sitio_nuevo\/ritel\/","name":"RITEL - IT Certifica","isPartOf":{"@id":"http:\/\/itcertifica.com\/sitio_nuevo\/#website"},"primaryImageOfPage":{"@id":"http:\/\/itcertifica.com\/sitio_nuevo\/ritel\/#primaryimage"},"image":{"@id":"http:\/\/itcertifica.com\/sitio_nuevo\/ritel\/#primaryimage"},"thumbnailUrl":"http:\/\/itcertifica.com\/sitio_nuevo\/wp-content\/uploads\/2025\/08\/Logo_ONAC_IT_2023.jpeg","datePublished":"2025-08-15T13:48:18+00:00","dateModified":"2025-09-19T17:38:13+00:00","breadcrumb":{"@id":"http:\/\/itcertifica.com\/sitio_nuevo\/ritel\/#breadcrumb"},"inLanguage":"es-CO","potentialAction":[{"@type":"ReadAction","target":["http:\/\/itcertifica.com\/sitio_nuevo\/ritel\/"]}]},{"@type":"ImageObject","inLanguage":"es-CO","@id":"http:\/\/itcertifica.com\/sitio_nuevo\/ritel\/#primaryimage","url":"https:\/\/itcertifica.com\/sitio_nuevo\/wp-content\/uploads\/2025\/08\/Logo_ONAC_IT_2023.jpeg","contentUrl":"https:\/\/itcertifica.com\/sitio_nuevo\/wp-content\/uploads\/2025\/08\/Logo_ONAC_IT_2023.jpeg","width":513,"height":198},{"@type":"BreadcrumbList","@id":"http:\/\/itcertifica.com\/sitio_nuevo\/ritel\/#breadcrumb","itemListElement":[{"@type":"ListItem","position":1,"name":"Inicio","item":"http:\/\/itcertifica.com\/sitio_nuevo\/"},{"@type":"ListItem","position":2,"name":"RITEL"}]},{"@type":"WebSite","@id":"http:\/\/itcertifica.com\/sitio_nuevo\/#website","url":"http:\/\/itcertifica.com\/sitio_nuevo\/","name":"IT Certifica","description":"","potentialAction":[{"@type":"SearchAction","target":{"@type":"EntryPoint","urlTemplate":"http:\/\/itcertifica.com\/sitio_nuevo\/?s={search_term_string}"},"query-input":{"@type":"PropertyValueSpecification","valueRequired":true,"valueName":"search_term_string"}}],"inLanguage":"es-CO"}]}},"_links":{"self":[{"href":"https:\/\/itcertifica.com\/sitio_nuevo\/wp-json\/wp\/v2\/pages\/251","targetHints":{"allow":["GET"]}}],"collection":[{"href":"https:\/\/itcertifica.com\/sitio_nuevo\/wp-json\/wp\/v2\/pages"}],"about":[{"href":"https:\/\/itcertifica.com\/sitio_nuevo\/wp-json\/wp\/v2\/types\/page"}],"author":[{"embeddable":true,"href":"https:\/\/itcertifica.com\/sitio_nuevo\/wp-json\/wp\/v2\/users\/1"}],"replies":[{"embeddable":true,"href":"https:\/\/itcertifica.com\/sitio_nuevo\/wp-json\/wp\/v2\/comments?post=251"}],"version-history":[{"count":61,"href":"https:\/\/itcertifica.com\/sitio_nuevo\/wp-json\/wp\/v2\/pages\/251\/revisions"}],"predecessor-version":[{"id":2229,"href":"https:\/\/itcertifica.com\/sitio_nuevo\/wp-json\/wp\/v2\/pages\/251\/revisions\/2229"}],"wp:attachment":[{"href":"https:\/\/itcertifica.com\/sitio_nuevo\/wp-json\/wp\/v2\/media?parent=251"}],"curies":[{"name":"wp","href":"https:\/\/api.w.org\/{rel}","templated":true}]}}