{"id":20,"date":"2025-08-12T12:01:43","date_gmt":"2025-08-12T17:01:43","guid":{"rendered":"https:\/\/itcertifica.com\/sitio_nuevo\/?page_id=20"},"modified":"2025-09-17T11:42:47","modified_gmt":"2025-09-17T16:42:47","slug":"proteccion-de-datos","status":"publish","type":"page","link":"https:\/\/itcertifica.com\/sitio_nuevo\/proteccion-de-datos\/","title":{"rendered":"Protecci\u00f3n de Datos"},"content":{"rendered":"\t\t<div data-elementor-type=\"wp-page\" data-elementor-id=\"20\" class=\"elementor elementor-20\">\n\t\t\t\t<div class=\"elementor-element elementor-element-744f3aa e-flex e-con-boxed e-con e-parent\" data-id=\"744f3aa\" data-element_type=\"container\">\n\t\t\t\t\t<div class=\"e-con-inner\">\n\t\t\t\t<div class=\"elementor-element elementor-element-ddb6a45 elementor-widget-divider--view-line elementor-widget elementor-widget-divider\" data-id=\"ddb6a45\" data-element_type=\"widget\" data-widget_type=\"divider.default\">\n\t\t\t\t\t\t\t<div class=\"elementor-divider\">\n\t\t\t<span class=\"elementor-divider-separator\">\n\t\t\t\t\t\t<\/span>\n\t\t<\/div>\n\t\t\t\t\t\t<\/div>\n\t\t\t\t\t<\/div>\n\t\t\t\t<\/div>\n\t\t<div class=\"elementor-element elementor-element-ab7437f e-flex e-con-boxed e-con e-parent\" data-id=\"ab7437f\" data-element_type=\"container\">\n\t\t\t\t\t<div class=\"e-con-inner\">\n\t\t<div class=\"elementor-element elementor-element-fe0be8b e-con-full e-flex e-con e-child\" data-id=\"fe0be8b\" data-element_type=\"container\">\n\t\t\t\t<div class=\"elementor-element elementor-element-11f49c0 elementor-widget elementor-widget-heading\" data-id=\"11f49c0\" data-element_type=\"widget\" data-widget_type=\"heading.default\">\n\t\t\t\t\t<h2 class=\"elementor-heading-title elementor-size-default\">PROTECCI\u00d3N DE DATOS<\/h2>\t\t\t\t<\/div>\n\t\t\t\t<div class=\"elementor-element elementor-element-c6fbe5c elementor-widget__width-initial elementor-widget elementor-widget-text-editor\" data-id=\"c6fbe5c\" data-element_type=\"widget\" data-widget_type=\"text-editor.default\">\n\t\t\t\t\t\t\t\t\t<p style=\"text-align: center;\">Se\u00f1or Usuario, en IT CERTIFICA SAS nos preocupamos por la protecci\u00f3n de sus datos y velamos por el adecuado tratamiento de los mismos;<\/p><p style=\"text-align: center;\">Si usted desea realizar una solicitud de Revocatoria de la autorizaci\u00f3n o supresi\u00f3n de los datos personales proporcionados al organismo, descargue el formato <strong>ITC-FO-RZ-00<\/strong>, dilig\u00e9ncielo en su totalidad y env\u00edelo al correo <a href=\"mailto:calidaditcertifica@gmail.com\" target=\"_blank\" rel=\"noopener\"><strong>calidaditcertifica@gmail.com<\/strong><\/a> para atender su solicitud.<\/p><p style=\"text-align: center;\">Si usted desea realizar una solicitud de actualizaci\u00f3n o rectificaci\u00f3n de los datos personales proporcionados al organismo, descargue el formato<strong> ITC-FO-UA-00<\/strong>, dilig\u00e9ncielo en su totalidad y env\u00edelo al correo <a href=\"mailto:calidaditcertifica@gmail.com\" target=\"_blank\" rel=\"noopener\"><strong>calidaditcertifica@gmail.com<\/strong><\/a> para atender su solicitud.<\/p>\t\t\t\t\t\t\t\t<\/div>\n\t\t\t\t<\/div>\n\t\t<div class=\"elementor-element elementor-element-f122c54 e-con-full e-flex e-con e-child\" data-id=\"f122c54\" data-element_type=\"container\">\n\t\t\t\t<div class=\"elementor-element elementor-element-538675f elementor-widget__width-initial elementor-widget elementor-widget-image\" data-id=\"538675f\" data-element_type=\"widget\" data-widget_type=\"image.default\">\n\t\t\t\t\t\t\t\t\t\t\t\t\t\t\t<img fetchpriority=\"high\" decoding=\"async\" width=\"512\" height=\"512\" src=\"http:\/\/itcertifica.com\/sitio_nuevo\/wp-content\/uploads\/2025\/08\/informacion-personal.png\" class=\"attachment-large size-large wp-image-159\" alt=\"\" \/>\t\t\t\t\t\t\t\t\t\t\t\t\t\t\t<\/div>\n\t\t\t\t<\/div>\n\t\t\t\t\t<\/div>\n\t\t\t\t<\/div>\n\t\t<div class=\"elementor-element elementor-element-fd0d5fa e-flex e-con-boxed e-con e-parent\" data-id=\"fd0d5fa\" data-element_type=\"container\">\n\t\t\t\t\t<div class=\"e-con-inner\">\n\t\t\t\t<div class=\"elementor-element elementor-element-ccf9520 elementor-widget elementor-widget-spacer\" data-id=\"ccf9520\" data-element_type=\"widget\" data-widget_type=\"spacer.default\">\n\t\t\t\t\t\t\t<div class=\"elementor-spacer\">\n\t\t\t<div class=\"elementor-spacer-inner\"><\/div>\n\t\t<\/div>\n\t\t\t\t\t\t<\/div>\n\t\t\t\t\t<\/div>\n\t\t\t\t<\/div>\n\t\t<div class=\"elementor-element elementor-element-9cd2ab2 e-con-full e-flex e-con e-parent\" data-id=\"9cd2ab2\" data-element_type=\"container\" data-settings=\"{&quot;background_background&quot;:&quot;classic&quot;}\">\n\t\t<div class=\"elementor-element elementor-element-c00b0ab e-con-full e-flex e-con e-child\" data-id=\"c00b0ab\" data-element_type=\"container\" data-settings=\"{&quot;background_background&quot;:&quot;classic&quot;}\">\n\t\t\t\t<div class=\"elementor-element elementor-element-699b541 elementor-widget elementor-widget-heading\" data-id=\"699b541\" data-element_type=\"widget\" data-widget_type=\"heading.default\">\n\t\t\t\t\t<h3 class=\"elementor-heading-title elementor-size-default\">ITC-PD-PT<\/h3>\t\t\t\t<\/div>\n\t\t\t\t<div class=\"elementor-element elementor-element-ac96e3e elementor-widget elementor-widget-text-editor\" data-id=\"ac96e3e\" data-element_type=\"widget\" data-widget_type=\"text-editor.default\">\n\t\t\t\t\t\t\t\t\t<p>Procedimiento para el adecuado tratamiento de los datos personales.<\/p>\t\t\t\t\t\t\t\t<\/div>\n\t\t\t\t<div class=\"elementor-element elementor-element-5206ea0 elementor-align-center elementor-widget elementor-widget-button\" data-id=\"5206ea0\" data-element_type=\"widget\" data-widget_type=\"button.default\">\n\t\t\t\t\t\t\t\t\t\t<a class=\"elementor-button elementor-button-link elementor-size-sm elementor-animation-pulse-grow\" href=\"http:\/\/itcertifica.com\/sitio_nuevo\/wp-content\/uploads\/2025\/09\/ITC-DO-PT-03_Politica_tratamiento_datos_personales.pdf\" target=\"_blank\">\n\t\t\t\t\t\t<span class=\"elementor-button-content-wrapper\">\n\t\t\t\t\t\t\t\t\t<span class=\"elementor-button-text\">Visualizar<\/span>\n\t\t\t\t\t<\/span>\n\t\t\t\t\t<\/a>\n\t\t\t\t\t\t\t\t<\/div>\n\t\t\t\t<\/div>\n\t\t<div class=\"elementor-element elementor-element-7ce0764 e-con-full e-flex e-con e-child\" data-id=\"7ce0764\" data-element_type=\"container\" data-settings=\"{&quot;background_background&quot;:&quot;classic&quot;}\">\n\t\t\t\t<div class=\"elementor-element elementor-element-768eed7 elementor-widget elementor-widget-heading\" data-id=\"768eed7\" data-element_type=\"widget\" data-widget_type=\"heading.default\">\n\t\t\t\t\t<h3 class=\"elementor-heading-title elementor-size-default\">ITC-FO-RZ-00<\/h3>\t\t\t\t<\/div>\n\t\t\t\t<div class=\"elementor-element elementor-element-9db34c0 elementor-widget elementor-widget-text-editor\" data-id=\"9db34c0\" data-element_type=\"widget\" data-widget_type=\"text-editor.default\">\n\t\t\t\t\t\t\t\t\t<p>Formato de Revocatoria de la autorizaci\u00f3n y\/o supresi\u00f3n de los datos personales.<\/p>\t\t\t\t\t\t\t\t<\/div>\n\t\t\t\t<div class=\"elementor-element elementor-element-a53cc07 elementor-align-center elementor-widget elementor-widget-button\" data-id=\"a53cc07\" data-element_type=\"widget\" data-widget_type=\"button.default\">\n\t\t\t\t\t\t\t\t\t\t<a class=\"elementor-button elementor-button-link elementor-size-sm elementor-animation-pulse-grow\" href=\"http:\/\/itcertifica.com\/sitio_nuevo\/wp-content\/uploads\/2025\/09\/ITC-FO-RZ-00_revocacion_supresion_datos_personales.pdf\" target=\"_blank\">\n\t\t\t\t\t\t<span class=\"elementor-button-content-wrapper\">\n\t\t\t\t\t\t\t\t\t<span class=\"elementor-button-text\">Visualizar<\/span>\n\t\t\t\t\t<\/span>\n\t\t\t\t\t<\/a>\n\t\t\t\t\t\t\t\t<\/div>\n\t\t\t\t<\/div>\n\t\t<div class=\"elementor-element elementor-element-d3e7697 e-con-full e-flex e-con e-child\" data-id=\"d3e7697\" data-element_type=\"container\" data-settings=\"{&quot;background_background&quot;:&quot;classic&quot;}\">\n\t\t\t\t<div class=\"elementor-element elementor-element-c8e81ff elementor-widget elementor-widget-heading\" data-id=\"c8e81ff\" data-element_type=\"widget\" data-widget_type=\"heading.default\">\n\t\t\t\t\t<h3 class=\"elementor-heading-title elementor-size-default\">ITC-PD-PT-00<\/h3>\t\t\t\t<\/div>\n\t\t\t\t<div class=\"elementor-element elementor-element-53b7a7f elementor-widget elementor-widget-text-editor\" data-id=\"53b7a7f\" data-element_type=\"widget\" data-widget_type=\"text-editor.default\">\n\t\t\t\t\t\t\t\t\t<p>Formato de Revocatoria de la autorizaci\u00f3n y\/o supresi\u00f3n de los datos personales.<\/p>\t\t\t\t\t\t\t\t<\/div>\n\t\t\t\t<div class=\"elementor-element elementor-element-0094a64 elementor-align-center elementor-widget elementor-widget-button\" data-id=\"0094a64\" data-element_type=\"widget\" data-widget_type=\"button.default\">\n\t\t\t\t\t\t\t\t\t\t<a class=\"elementor-button elementor-button-link elementor-size-sm elementor-animation-pulse-grow\" href=\"http:\/\/itcertifica.com\/sitio_nuevo\/wp-content\/uploads\/2025\/09\/ITC-PD-PT-01_Proced_TTO_datos-1.pdf\" target=\"_blank\">\n\t\t\t\t\t\t<span class=\"elementor-button-content-wrapper\">\n\t\t\t\t\t\t\t\t\t<span class=\"elementor-button-text\">Visualizar<\/span>\n\t\t\t\t\t<\/span>\n\t\t\t\t\t<\/a>\n\t\t\t\t\t\t\t\t<\/div>\n\t\t\t\t<\/div>\n\t\t<div class=\"elementor-element elementor-element-d9bbd77 e-con-full e-flex e-con e-child\" data-id=\"d9bbd77\" data-element_type=\"container\" data-settings=\"{&quot;background_background&quot;:&quot;classic&quot;}\">\n\t\t\t\t<div class=\"elementor-element elementor-element-47d9d7f elementor-widget elementor-widget-heading\" data-id=\"47d9d7f\" data-element_type=\"widget\" data-widget_type=\"heading.default\">\n\t\t\t\t\t<h3 class=\"elementor-heading-title elementor-size-default\">ITC-FO-UA-00<\/h3>\t\t\t\t<\/div>\n\t\t\t\t<div class=\"elementor-element elementor-element-038dae9 elementor-widget elementor-widget-text-editor\" data-id=\"038dae9\" data-element_type=\"widget\" data-widget_type=\"text-editor.default\">\n\t\t\t\t\t\t\t\t\t<p>Formato para la actualizaci\u00f3n o rectificaci\u00f3n de datos personales.<\/p>\t\t\t\t\t\t\t\t<\/div>\n\t\t\t\t<div class=\"elementor-element elementor-element-c677970 elementor-align-center elementor-widget elementor-widget-button\" data-id=\"c677970\" data-element_type=\"widget\" data-widget_type=\"button.default\">\n\t\t\t\t\t\t\t\t\t\t<a class=\"elementor-button elementor-button-link elementor-size-sm elementor-animation-pulse-grow\" href=\"http:\/\/itcertifica.com\/sitio_nuevo\/wp-content\/uploads\/2025\/09\/ITC-FO-UA-00_actualizacion_rectificacion_datos_personales.pdf\" target=\"_blank\">\n\t\t\t\t\t\t<span class=\"elementor-button-content-wrapper\">\n\t\t\t\t\t\t\t\t\t<span class=\"elementor-button-text\">Visualizar<\/span>\n\t\t\t\t\t<\/span>\n\t\t\t\t\t<\/a>\n\t\t\t\t\t\t\t\t<\/div>\n\t\t\t\t<\/div>\n\t\t\t\t<\/div>\n\t\t<div class=\"elementor-element elementor-element-aa8cb81 e-flex e-con-boxed e-con e-parent\" data-id=\"aa8cb81\" data-element_type=\"container\">\n\t\t\t\t\t<div class=\"e-con-inner\">\n\t\t\t\t<div class=\"elementor-element elementor-element-9341bd0 elementor-widget elementor-widget-spacer\" data-id=\"9341bd0\" data-element_type=\"widget\" data-widget_type=\"spacer.default\">\n\t\t\t\t\t\t\t<div class=\"elementor-spacer\">\n\t\t\t<div class=\"elementor-spacer-inner\"><\/div>\n\t\t<\/div>\n\t\t\t\t\t\t<\/div>\n\t\t\t\t\t<\/div>\n\t\t\t\t<\/div>\n\t\t\t\t<\/div>\n\t\t","protected":false},"excerpt":{"rendered":"<p>PROTECCI\u00d3N DE DATOS Se\u00f1or Usuario, en IT CERTIFICA SAS nos preocupamos por la protecci\u00f3n de sus datos y velamos por [&hellip;]<\/p>\n","protected":false},"author":1,"featured_media":0,"parent":0,"menu_order":0,"comment_status":"closed","ping_status":"closed","template":"elementor_header_footer","meta":{"site-sidebar-layout":"no-sidebar","site-content-layout":"plain-container","ast-site-content-layout":"full-width-container","site-content-style":"default","site-sidebar-style":"default","ast-global-header-display":"","ast-banner-title-visibility":"","ast-main-header-display":"","ast-hfb-above-header-display":"","ast-hfb-below-header-display":"","ast-hfb-mobile-header-display":"","site-post-title":"","ast-breadcrumbs-content":"","ast-featured-img":"disabled","footer-sml-layout":"","theme-transparent-header-meta":"enabled","adv-header-id-meta":"","stick-header-meta":"","header-above-stick-meta":"","header-main-stick-meta":"","header-below-stick-meta":"","astra-migrate-meta-layouts":"default","ast-page-background-enabled":"default","ast-page-background-meta":{"desktop":{"background-color":"var(--ast-global-color-5)","background-image":"","background-repeat":"repeat","background-position":"center center","background-size":"auto","background-attachment":"scroll","background-type":"","background-media":"","overlay-type":"","overlay-color":"","overlay-opacity":"","overlay-gradient":""},"tablet":{"background-color":"","background-image":"","background-repeat":"repeat","background-position":"center center","background-size":"auto","background-attachment":"scroll","background-type":"","background-media":"","overlay-type":"","overlay-color":"","overlay-opacity":"","overlay-gradient":""},"mobile":{"background-color":"","background-image":"","background-repeat":"repeat","background-position":"center center","background-size":"auto","background-attachment":"scroll","background-type":"","background-media":"","overlay-type":"","overlay-color":"","overlay-opacity":"","overlay-gradient":""}},"ast-content-background-meta":{"desktop":{"background-color":"var(--ast-global-color-4)","background-image":"","background-repeat":"repeat","background-position":"center center","background-size":"auto","background-attachment":"scroll","background-type":"","background-media":"","overlay-type":"","overlay-color":"","overlay-opacity":"","overlay-gradient":""},"tablet":{"background-color":"var(--ast-global-color-4)","background-image":"","background-repeat":"repeat","background-position":"center center","background-size":"auto","background-attachment":"scroll","background-type":"","background-media":"","overlay-type":"","overlay-color":"","overlay-opacity":"","overlay-gradient":""},"mobile":{"background-color":"var(--ast-global-color-4)","background-image":"","background-repeat":"repeat","background-position":"center center","background-size":"auto","background-attachment":"scroll","background-type":"","background-media":"","overlay-type":"","overlay-color":"","overlay-opacity":"","overlay-gradient":""}},"footnotes":""},"class_list":["post-20","page","type-page","status-publish","hentry"],"yoast_head":"<!-- This site is optimized with the Yoast SEO plugin v25.6 - https:\/\/yoast.com\/wordpress\/plugins\/seo\/ -->\n<title>Protecci\u00f3n de Datos - IT Certifica<\/title>\n<meta name=\"robots\" content=\"index, follow, max-snippet:-1, max-image-preview:large, max-video-preview:-1\" \/>\n<link rel=\"canonical\" href=\"http:\/\/itcertifica.com\/sitio_nuevo\/proteccion-de-datos\/\" \/>\n<meta property=\"og:locale\" content=\"es_ES\" \/>\n<meta property=\"og:type\" content=\"article\" \/>\n<meta property=\"og:title\" content=\"Protecci\u00f3n de Datos - IT Certifica\" \/>\n<meta property=\"og:description\" content=\"PROTECCI\u00d3N DE DATOS Se\u00f1or Usuario, en IT CERTIFICA SAS nos preocupamos por la protecci\u00f3n de sus datos y velamos por [&hellip;]\" \/>\n<meta property=\"og:url\" content=\"http:\/\/itcertifica.com\/sitio_nuevo\/proteccion-de-datos\/\" \/>\n<meta property=\"og:site_name\" content=\"IT Certifica\" \/>\n<meta property=\"article:modified_time\" content=\"2025-09-17T16:42:47+00:00\" \/>\n<meta property=\"og:image\" content=\"http:\/\/itcertifica.com\/sitio_nuevo\/wp-content\/uploads\/2025\/08\/informacion-personal.png\" \/>\n<meta name=\"twitter:card\" content=\"summary_large_image\" \/>\n<meta name=\"twitter:label1\" content=\"Tiempo de lectura\" \/>\n\t<meta name=\"twitter:data1\" content=\"1 minuto\" \/>\n<script type=\"application\/ld+json\" class=\"yoast-schema-graph\">{\"@context\":\"https:\/\/schema.org\",\"@graph\":[{\"@type\":\"WebPage\",\"@id\":\"http:\/\/itcertifica.com\/sitio_nuevo\/proteccion-de-datos\/\",\"url\":\"http:\/\/itcertifica.com\/sitio_nuevo\/proteccion-de-datos\/\",\"name\":\"Protecci\u00f3n de Datos - IT Certifica\",\"isPartOf\":{\"@id\":\"http:\/\/itcertifica.com\/sitio_nuevo\/#website\"},\"primaryImageOfPage\":{\"@id\":\"http:\/\/itcertifica.com\/sitio_nuevo\/proteccion-de-datos\/#primaryimage\"},\"image\":{\"@id\":\"http:\/\/itcertifica.com\/sitio_nuevo\/proteccion-de-datos\/#primaryimage\"},\"thumbnailUrl\":\"http:\/\/itcertifica.com\/sitio_nuevo\/wp-content\/uploads\/2025\/08\/informacion-personal.png\",\"datePublished\":\"2025-08-12T17:01:43+00:00\",\"dateModified\":\"2025-09-17T16:42:47+00:00\",\"breadcrumb\":{\"@id\":\"http:\/\/itcertifica.com\/sitio_nuevo\/proteccion-de-datos\/#breadcrumb\"},\"inLanguage\":\"es-CO\",\"potentialAction\":[{\"@type\":\"ReadAction\",\"target\":[\"http:\/\/itcertifica.com\/sitio_nuevo\/proteccion-de-datos\/\"]}]},{\"@type\":\"ImageObject\",\"inLanguage\":\"es-CO\",\"@id\":\"http:\/\/itcertifica.com\/sitio_nuevo\/proteccion-de-datos\/#primaryimage\",\"url\":\"https:\/\/itcertifica.com\/sitio_nuevo\/wp-content\/uploads\/2025\/08\/informacion-personal.png\",\"contentUrl\":\"https:\/\/itcertifica.com\/sitio_nuevo\/wp-content\/uploads\/2025\/08\/informacion-personal.png\",\"width\":512,\"height\":512},{\"@type\":\"BreadcrumbList\",\"@id\":\"http:\/\/itcertifica.com\/sitio_nuevo\/proteccion-de-datos\/#breadcrumb\",\"itemListElement\":[{\"@type\":\"ListItem\",\"position\":1,\"name\":\"Inicio\",\"item\":\"http:\/\/itcertifica.com\/sitio_nuevo\/\"},{\"@type\":\"ListItem\",\"position\":2,\"name\":\"Protecci\u00f3n de Datos\"}]},{\"@type\":\"WebSite\",\"@id\":\"http:\/\/itcertifica.com\/sitio_nuevo\/#website\",\"url\":\"http:\/\/itcertifica.com\/sitio_nuevo\/\",\"name\":\"IT Certifica\",\"description\":\"\",\"potentialAction\":[{\"@type\":\"SearchAction\",\"target\":{\"@type\":\"EntryPoint\",\"urlTemplate\":\"http:\/\/itcertifica.com\/sitio_nuevo\/?s={search_term_string}\"},\"query-input\":{\"@type\":\"PropertyValueSpecification\",\"valueRequired\":true,\"valueName\":\"search_term_string\"}}],\"inLanguage\":\"es-CO\"}]}<\/script>\n<!-- \/ Yoast SEO plugin. -->","yoast_head_json":{"title":"Protecci\u00f3n de Datos - IT Certifica","robots":{"index":"index","follow":"follow","max-snippet":"max-snippet:-1","max-image-preview":"max-image-preview:large","max-video-preview":"max-video-preview:-1"},"canonical":"http:\/\/itcertifica.com\/sitio_nuevo\/proteccion-de-datos\/","og_locale":"es_ES","og_type":"article","og_title":"Protecci\u00f3n de Datos - IT Certifica","og_description":"PROTECCI\u00d3N DE DATOS Se\u00f1or Usuario, en IT CERTIFICA SAS nos preocupamos por la protecci\u00f3n de sus datos y velamos por [&hellip;]","og_url":"http:\/\/itcertifica.com\/sitio_nuevo\/proteccion-de-datos\/","og_site_name":"IT Certifica","article_modified_time":"2025-09-17T16:42:47+00:00","og_image":[{"url":"http:\/\/itcertifica.com\/sitio_nuevo\/wp-content\/uploads\/2025\/08\/informacion-personal.png","type":"","width":"","height":""}],"twitter_card":"summary_large_image","twitter_misc":{"Tiempo de lectura":"1 minuto"},"schema":{"@context":"https:\/\/schema.org","@graph":[{"@type":"WebPage","@id":"http:\/\/itcertifica.com\/sitio_nuevo\/proteccion-de-datos\/","url":"http:\/\/itcertifica.com\/sitio_nuevo\/proteccion-de-datos\/","name":"Protecci\u00f3n de Datos - IT Certifica","isPartOf":{"@id":"http:\/\/itcertifica.com\/sitio_nuevo\/#website"},"primaryImageOfPage":{"@id":"http:\/\/itcertifica.com\/sitio_nuevo\/proteccion-de-datos\/#primaryimage"},"image":{"@id":"http:\/\/itcertifica.com\/sitio_nuevo\/proteccion-de-datos\/#primaryimage"},"thumbnailUrl":"http:\/\/itcertifica.com\/sitio_nuevo\/wp-content\/uploads\/2025\/08\/informacion-personal.png","datePublished":"2025-08-12T17:01:43+00:00","dateModified":"2025-09-17T16:42:47+00:00","breadcrumb":{"@id":"http:\/\/itcertifica.com\/sitio_nuevo\/proteccion-de-datos\/#breadcrumb"},"inLanguage":"es-CO","potentialAction":[{"@type":"ReadAction","target":["http:\/\/itcertifica.com\/sitio_nuevo\/proteccion-de-datos\/"]}]},{"@type":"ImageObject","inLanguage":"es-CO","@id":"http:\/\/itcertifica.com\/sitio_nuevo\/proteccion-de-datos\/#primaryimage","url":"https:\/\/itcertifica.com\/sitio_nuevo\/wp-content\/uploads\/2025\/08\/informacion-personal.png","contentUrl":"https:\/\/itcertifica.com\/sitio_nuevo\/wp-content\/uploads\/2025\/08\/informacion-personal.png","width":512,"height":512},{"@type":"BreadcrumbList","@id":"http:\/\/itcertifica.com\/sitio_nuevo\/proteccion-de-datos\/#breadcrumb","itemListElement":[{"@type":"ListItem","position":1,"name":"Inicio","item":"http:\/\/itcertifica.com\/sitio_nuevo\/"},{"@type":"ListItem","position":2,"name":"Protecci\u00f3n de Datos"}]},{"@type":"WebSite","@id":"http:\/\/itcertifica.com\/sitio_nuevo\/#website","url":"http:\/\/itcertifica.com\/sitio_nuevo\/","name":"IT Certifica","description":"","potentialAction":[{"@type":"SearchAction","target":{"@type":"EntryPoint","urlTemplate":"http:\/\/itcertifica.com\/sitio_nuevo\/?s={search_term_string}"},"query-input":{"@type":"PropertyValueSpecification","valueRequired":true,"valueName":"search_term_string"}}],"inLanguage":"es-CO"}]}},"_links":{"self":[{"href":"https:\/\/itcertifica.com\/sitio_nuevo\/wp-json\/wp\/v2\/pages\/20","targetHints":{"allow":["GET"]}}],"collection":[{"href":"https:\/\/itcertifica.com\/sitio_nuevo\/wp-json\/wp\/v2\/pages"}],"about":[{"href":"https:\/\/itcertifica.com\/sitio_nuevo\/wp-json\/wp\/v2\/types\/page"}],"author":[{"embeddable":true,"href":"https:\/\/itcertifica.com\/sitio_nuevo\/wp-json\/wp\/v2\/users\/1"}],"replies":[{"embeddable":true,"href":"https:\/\/itcertifica.com\/sitio_nuevo\/wp-json\/wp\/v2\/comments?post=20"}],"version-history":[{"count":49,"href":"https:\/\/itcertifica.com\/sitio_nuevo\/wp-json\/wp\/v2\/pages\/20\/revisions"}],"predecessor-version":[{"id":2036,"href":"https:\/\/itcertifica.com\/sitio_nuevo\/wp-json\/wp\/v2\/pages\/20\/revisions\/2036"}],"wp:attachment":[{"href":"https:\/\/itcertifica.com\/sitio_nuevo\/wp-json\/wp\/v2\/media?parent=20"}],"curies":[{"name":"wp","href":"https:\/\/api.w.org\/{rel}","templated":true}]}}