{"id":17,"date":"2025-08-12T11:58:54","date_gmt":"2025-08-12T16:58:54","guid":{"rendered":"https:\/\/itcertifica.com\/sitio_nuevo\/?page_id=17"},"modified":"2025-09-19T10:16:10","modified_gmt":"2025-09-19T15:16:10","slug":"pagos","status":"publish","type":"page","link":"https:\/\/itcertifica.com\/sitio_nuevo\/pagos\/","title":{"rendered":"Pagos"},"content":{"rendered":"\t\t<div data-elementor-type=\"wp-page\" data-elementor-id=\"17\" class=\"elementor elementor-17\">\n\t\t\t\t<div class=\"elementor-element elementor-element-f30dae0 e-flex e-con-boxed e-con e-parent\" data-id=\"f30dae0\" data-element_type=\"container\">\n\t\t\t\t\t<div class=\"e-con-inner\">\n\t\t\t\t<div class=\"elementor-element elementor-element-08f8e92 elementor-widget-divider--view-line elementor-widget elementor-widget-divider\" data-id=\"08f8e92\" data-element_type=\"widget\" data-widget_type=\"divider.default\">\n\t\t\t\t\t\t\t<div class=\"elementor-divider\">\n\t\t\t<span class=\"elementor-divider-separator\">\n\t\t\t\t\t\t<\/span>\n\t\t<\/div>\n\t\t\t\t\t\t<\/div>\n\t\t\t\t\t<\/div>\n\t\t\t\t<\/div>\n\t\t<div class=\"elementor-element elementor-element-05a941a e-flex e-con-boxed e-con e-parent\" data-id=\"05a941a\" data-element_type=\"container\">\n\t\t\t\t\t<div class=\"e-con-inner\">\n\t\t<div class=\"elementor-element elementor-element-1e4a7de e-con-full e-flex e-con e-child\" data-id=\"1e4a7de\" data-element_type=\"container\">\n\t\t\t\t<div class=\"elementor-element elementor-element-7ea3e05 elementor-widget__width-initial elementor-widget-mobile__width-initial elementor-widget elementor-widget-heading\" data-id=\"7ea3e05\" data-element_type=\"widget\" data-widget_type=\"heading.default\">\n\t\t\t\t\t<h2 class=\"elementor-heading-title elementor-size-default\">Portal<\/h2>\t\t\t\t<\/div>\n\t\t\t\t<div class=\"elementor-element elementor-element-af2645a elementor-widget elementor-widget-heading\" data-id=\"af2645a\" data-element_type=\"widget\" data-widget_type=\"heading.default\">\n\t\t\t\t\t<h1 class=\"elementor-heading-title elementor-size-default\">ZONA DE PAGOS<\/h1>\t\t\t\t<\/div>\n\t\t\t\t<div class=\"elementor-element elementor-element-17c7024 elementor-widget elementor-widget-text-editor\" data-id=\"17c7024\" data-element_type=\"widget\" data-widget_type=\"text-editor.default\">\n\t\t\t\t\t\t\t\t\t<p style=\"text-align: center;\">\u00a0Realiza tus pagos desde tu celular de una forma r\u00e1pida y segura.<\/p><p style=\"text-align: center;\">Solo necesitas tener instalado un lector de c\u00f3digos QR, y sigue las indicaciones mostradas.<\/p>\t\t\t\t\t\t\t\t<\/div>\n\t\t\t\t<\/div>\n\t\t<div class=\"elementor-element elementor-element-b6c3b55 e-con-full e-flex e-con e-child\" data-id=\"b6c3b55\" data-element_type=\"container\">\n\t\t\t\t<div class=\"elementor-element elementor-element-fb02ce1 elementor-widget elementor-widget-image\" data-id=\"fb02ce1\" data-element_type=\"widget\" data-widget_type=\"image.default\">\n\t\t\t\t\t\t\t\t\t\t\t\t\t\t\t<img fetchpriority=\"high\" decoding=\"async\" width=\"252\" height=\"252\" src=\"https:\/\/itcertifica.com\/sitio_nuevo\/wp-content\/uploads\/2025\/08\/icon2.png\" class=\"attachment-large size-large wp-image-993\" alt=\"\" \/>\t\t\t\t\t\t\t\t\t\t\t\t\t\t\t<\/div>\n\t\t\t\t<\/div>\n\t\t\t\t\t<\/div>\n\t\t\t\t<\/div>\n\t\t<div class=\"elementor-element elementor-element-5d7acc8 e-con-full e-flex e-con e-parent\" data-id=\"5d7acc8\" data-element_type=\"container\" data-settings=\"{&quot;background_background&quot;:&quot;classic&quot;}\">\n\t\t<div class=\"elementor-element elementor-element-1c18be2 e-con-full e-flex e-con e-child\" data-id=\"1c18be2\" data-element_type=\"container\">\n\t\t\t\t<div class=\"elementor-element elementor-element-1da6808 elementor-widget elementor-widget-heading\" data-id=\"1da6808\" data-element_type=\"widget\" data-widget_type=\"heading.default\">\n\t\t\t\t\t<h2 class=\"elementor-heading-title elementor-size-default\">Paga r\u00e1pido, f\u00e1cil y seguro con<\/h2>\t\t\t\t<\/div>\n\t\t\t\t<div class=\"elementor-element elementor-element-5315709 elementor-widget__width-initial elementor-widget elementor-widget-image\" data-id=\"5315709\" data-element_type=\"widget\" data-widget_type=\"image.default\">\n\t\t\t\t\t\t\t\t\t\t\t\t\t\t\t\t<a href=\"https:\/\/checkout.wompi.co\/l\/VPOS_KsztFv\" target=\"_blank\">\n\t\t\t\t\t\t\t<img decoding=\"async\" width=\"500\" height=\"313\" src=\"https:\/\/itcertifica.com\/sitio_nuevo\/wp-content\/uploads\/2025\/09\/metodo-wompi.jpg\" class=\"attachment-large size-large wp-image-1734\" alt=\"\" \/>\t\t\t\t\t\t\t\t<\/a>\n\t\t\t\t\t\t\t\t\t\t\t\t\t\t\t<\/div>\n\t\t\t\t<\/div>\n\t\t\t\t<\/div>\n\t\t<div class=\"elementor-element elementor-element-daac1ef e-flex e-con-boxed e-con e-parent\" data-id=\"daac1ef\" data-element_type=\"container\">\n\t\t\t\t\t<div class=\"e-con-inner\">\n\t\t\t\t<div class=\"elementor-element elementor-element-bb66ffd elementor-widget elementor-widget-spacer\" data-id=\"bb66ffd\" data-element_type=\"widget\" data-widget_type=\"spacer.default\">\n\t\t\t\t\t\t\t<div class=\"elementor-spacer\">\n\t\t\t<div class=\"elementor-spacer-inner\"><\/div>\n\t\t<\/div>\n\t\t\t\t\t\t<\/div>\n\t\t\t\t\t<\/div>\n\t\t\t\t<\/div>\n\t\t<div class=\"elementor-element elementor-element-1d2295b e-flex e-con-boxed e-con e-parent\" data-id=\"1d2295b\" data-element_type=\"container\">\n\t\t\t\t\t<div class=\"e-con-inner\">\n\t\t\t\t<div class=\"elementor-element elementor-element-854263d elementor-widget elementor-widget-text-editor\" data-id=\"854263d\" data-element_type=\"widget\" data-widget_type=\"text-editor.default\">\n\t\t\t\t\t\t\t\t\t<p>Para pago por Bancos, favor consignar en Bancolombia No. de cuenta\u00a035891422430 a nombre de IT CERTIFICA &#8211; INSPECCIONES TECNICAS Y CERTIFICACIONES con NIT. 900.576.858-9<\/p>\t\t\t\t\t\t\t\t<\/div>\n\t\t\t\t\t<\/div>\n\t\t\t\t<\/div>\n\t\t<div class=\"elementor-element elementor-element-3c6486d e-flex e-con-boxed e-con e-parent\" data-id=\"3c6486d\" data-element_type=\"container\">\n\t\t\t\t\t<div class=\"e-con-inner\">\n\t\t\t\t<div class=\"elementor-element elementor-element-9458579 elementor-widget elementor-widget-spacer\" data-id=\"9458579\" data-element_type=\"widget\" data-widget_type=\"spacer.default\">\n\t\t\t\t\t\t\t<div class=\"elementor-spacer\">\n\t\t\t<div class=\"elementor-spacer-inner\"><\/div>\n\t\t<\/div>\n\t\t\t\t\t\t<\/div>\n\t\t\t\t\t<\/div>\n\t\t\t\t<\/div>\n\t\t<div class=\"elementor-element elementor-element-8bef39f e-flex e-con-boxed e-con e-parent\" data-id=\"8bef39f\" data-element_type=\"container\">\n\t\t\t\t\t<div class=\"e-con-inner\">\n\t\t<div class=\"elementor-element elementor-element-88e5a66 e-con-full e-flex e-con e-child\" data-id=\"88e5a66\" data-element_type=\"container\">\n\t\t\t\t<div class=\"elementor-element elementor-element-9495a9d elementor-widget__width-initial elementor-widget elementor-widget-image\" data-id=\"9495a9d\" data-element_type=\"widget\" data-widget_type=\"image.default\">\n\t\t\t\t\t\t\t\t\t\t\t\t\t\t\t<img decoding=\"async\" width=\"575\" height=\"1024\" src=\"https:\/\/itcertifica.com\/sitio_nuevo\/wp-content\/uploads\/2025\/09\/pago-bancolombia_llaves_page-0001.jpg\" class=\"attachment-large size-large wp-image-1739\" alt=\"\" \/>\t\t\t\t\t\t\t\t\t\t\t\t\t\t\t<\/div>\n\t\t\t\t<\/div>\n\t\t<div class=\"elementor-element elementor-element-68b0c4d e-con-full e-flex e-con e-child\" data-id=\"68b0c4d\" data-element_type=\"container\">\n\t\t\t\t<div class=\"elementor-element elementor-element-b885e4d e-transform elementor-widget elementor-widget-button\" data-id=\"b885e4d\" data-element_type=\"widget\" data-settings=\"{&quot;_transform_scale_effect_hover&quot;:{&quot;unit&quot;:&quot;px&quot;,&quot;size&quot;:1.100000000000000088817841970012523233890533447265625,&quot;sizes&quot;:[]},&quot;_transform_scale_effect_hover_tablet&quot;:{&quot;unit&quot;:&quot;px&quot;,&quot;size&quot;:&quot;&quot;,&quot;sizes&quot;:[]},&quot;_transform_scale_effect_hover_mobile&quot;:{&quot;unit&quot;:&quot;px&quot;,&quot;size&quot;:&quot;&quot;,&quot;sizes&quot;:[]}}\" data-widget_type=\"button.default\">\n\t\t\t\t\t\t\t\t\t\t<a class=\"elementor-button elementor-button-link elementor-size-sm\" href=\"#\">\n\t\t\t\t\t\t<span class=\"elementor-button-content-wrapper\">\n\t\t\t\t\t\t\t\t\t<span class=\"elementor-button-text\">PAGO CON C\u00d3DIGO QR: Sigue estas instrucciones<\/span>\n\t\t\t\t\t<\/span>\n\t\t\t\t\t<\/a>\n\t\t\t\t\t\t\t\t<\/div>\n\t\t\t\t<div class=\"elementor-element elementor-element-9c1fea2 elementor-widget elementor-widget-text-editor\" data-id=\"9c1fea2\" data-element_type=\"widget\" data-widget_type=\"text-editor.default\">\n\t\t\t\t\t\t\t\t\t<p>\u00a0<\/p><ul><li data-start=\"742\" data-end=\"803\"><p data-start=\"745\" data-end=\"803\">Abre la <strong>app o banca virtual de tu banco<\/strong> (Bancolombia o cualquier otro)<\/p><\/li><li data-start=\"495\" data-end=\"539\"><p data-start=\"498\" data-end=\"539\">Selecciona la opci\u00f3n <strong data-start=\"519\" data-end=\"536\">\u201cEscanear QR\u201d<\/strong>.<\/p><\/li><li data-start=\"540\" data-end=\"590\"><p data-start=\"543\" data-end=\"590\">Escanea el c\u00f3digo QR que aparece en pantalla.<\/p><\/li><li data-start=\"591\" data-end=\"741\"><p data-start=\"594\" data-end=\"646\">Verifica que los datos del destinatario coincidan:<\/p><ul data-start=\"650\" data-end=\"741\"><li data-start=\"650\" data-end=\"695\"><p data-start=\"652\" data-end=\"695\"><strong data-start=\"652\" data-end=\"679\">Nombre del beneficiario<\/strong>: \u00a0IT CERTIFICA &#8211; INSPECCIONES TECNICAS Y CERTIFICACIONES<\/p><\/li><li data-start=\"699\" data-end=\"741\"><p data-start=\"701\" data-end=\"741\"><strong data-start=\"701\" data-end=\"721\">N\u00famero de cuenta<\/strong>: 35891422430<\/p><\/li><\/ul><\/li><li data-start=\"742\" data-end=\"803\"><p data-start=\"745\" data-end=\"803\">Ingresa el valor exacto de tu compra y confirma el pago.<\/p><\/li><\/ul>\t\t\t\t\t\t\t\t<\/div>\n\t\t\t\t<div class=\"elementor-element elementor-element-bc2d95d e-transform elementor-widget elementor-widget-button\" data-id=\"bc2d95d\" data-element_type=\"widget\" data-settings=\"{&quot;_transform_scale_effect_hover&quot;:{&quot;unit&quot;:&quot;px&quot;,&quot;size&quot;:1.100000000000000088817841970012523233890533447265625,&quot;sizes&quot;:[]},&quot;_transform_scale_effect_hover_tablet&quot;:{&quot;unit&quot;:&quot;px&quot;,&quot;size&quot;:&quot;&quot;,&quot;sizes&quot;:[]},&quot;_transform_scale_effect_hover_mobile&quot;:{&quot;unit&quot;:&quot;px&quot;,&quot;size&quot;:&quot;&quot;,&quot;sizes&quot;:[]}}\" data-widget_type=\"button.default\">\n\t\t\t\t\t\t\t\t\t\t<a class=\"elementor-button elementor-button-link elementor-size-sm\" href=\"#\">\n\t\t\t\t\t\t<span class=\"elementor-button-content-wrapper\">\n\t\t\t\t\t\t\t\t\t<span class=\"elementor-button-text\">PAGO CON LLAVES: Sigue estas instrucciones<\/span>\n\t\t\t\t\t<\/span>\n\t\t\t\t\t<\/a>\n\t\t\t\t\t\t\t\t<\/div>\n\t\t\t\t<div class=\"elementor-element elementor-element-2bc416b elementor-widget elementor-widget-text-editor\" data-id=\"2bc416b\" data-element_type=\"widget\" data-widget_type=\"text-editor.default\">\n\t\t\t\t\t\t\t\t\t<ul data-start=\"404\" data-end=\"803\"><li data-start=\"742\" data-end=\"803\"><p data-start=\"745\" data-end=\"803\">Abre la <strong data-start=\"548\" data-end=\"583\">app o banca virtual de tu banco<\/strong> (Bancolombia o cualquier otro).<\/p><\/li><li data-start=\"618\" data-end=\"706\"><p data-start=\"621\" data-end=\"706\">Ingresa a la opci\u00f3n <strong data-start=\"641\" data-end=\"676\">\u201cTransferencias a otros bancos\u201d<\/strong> o <strong data-start=\"679\" data-end=\"703\">\u201cTransferencias PSE\u201d<\/strong>.<\/p><\/li><li data-start=\"707\" data-end=\"789\"><p data-start=\"710\" data-end=\"789\">En el campo de destino, selecciona <strong data-start=\"745\" data-end=\"766\">Llave Bancolombia<\/strong> como m\u00e9todo de pago.<\/p><\/li><li data-start=\"790\" data-end=\"883\"><p data-start=\"793\" data-end=\"817\">Escribe nuestra llave:<\/p><ul data-start=\"821\" data-end=\"883\"><li data-start=\"821\" data-end=\"883\"><p data-start=\"823\" data-end=\"883\"><strong data-start=\"823\" data-end=\"841\">Llave de pago:<\/strong> \ud83d\udc49 <strong data-start=\"845\" data-end=\"881\">0090087752<\/strong><\/p><\/li><\/ul><\/li><li data-start=\"884\" data-end=\"988\"><p data-start=\"887\" data-end=\"929\">Verifica que aparezca como beneficiario:<\/p><ul data-start=\"933\" data-end=\"988\"><li data-start=\"933\" data-end=\"988\"><p data-start=\"935\" data-end=\"988\"><strong data-start=\"935\" data-end=\"958\">Nombre del titular:<\/strong> \u00a0IT CERTIFICA &#8211; INSPECCIONES TECNICAS Y CERTIFICACIONES<\/p><\/li><\/ul><\/li><li data-start=\"989\" data-end=\"1039\"><p data-start=\"992\" data-end=\"1039\">Digita el <strong data-start=\"1002\" data-end=\"1036\">valor exacto de tu compra\/pago<\/strong>.<\/p><\/li><li data-start=\"1040\" data-end=\"1081\"><p data-start=\"1043\" data-end=\"1081\">Confirma la transacci\u00f3n en tu banco.<\/p><\/li><\/ul>\t\t\t\t\t\t\t\t<\/div>\n\t\t\t\t<\/div>\n\t\t\t\t\t<\/div>\n\t\t\t\t<\/div>\n\t\t<div class=\"elementor-element elementor-element-617cd8c e-flex e-con-boxed e-con e-parent\" data-id=\"617cd8c\" data-element_type=\"container\">\n\t\t\t\t\t<div class=\"e-con-inner\">\n\t\t\t\t\t<\/div>\n\t\t\t\t<\/div>\n\t\t<div class=\"elementor-element elementor-element-2872423 e-flex e-con-boxed e-con e-parent\" data-id=\"2872423\" data-element_type=\"container\">\n\t\t\t\t\t<div class=\"e-con-inner\">\n\t\t\t\t<div class=\"elementor-element elementor-element-6683ce0 elementor-widget elementor-widget-heading\" data-id=\"6683ce0\" data-element_type=\"widget\" data-widget_type=\"heading.default\">\n\t\t\t\t\t<h2 class=\"elementor-heading-title elementor-size-default\">Documentos de Soporte para Pagos<\/h2>\t\t\t\t<\/div>\n\t\t\t\t\t<\/div>\n\t\t\t\t<\/div>\n\t\t<div class=\"elementor-element elementor-element-ba0ef5d e-flex e-con-boxed e-con e-parent\" data-id=\"ba0ef5d\" data-element_type=\"container\">\n\t\t\t\t\t<div class=\"e-con-inner\">\n\t\t\t\t<div class=\"elementor-element elementor-element-8380af3 elementor-widget elementor-widget-text-editor\" data-id=\"8380af3\" data-element_type=\"widget\" data-widget_type=\"text-editor.default\">\n\t\t\t\t\t\t\t\t\t<p>Aqu\u00ed encontrar\u00e1s nuestro RUT y certificaci\u00f3n bancaria, para tu seguridad y respaldo al momento de realizar el pago<\/p>\t\t\t\t\t\t\t\t<\/div>\n\t\t\t\t<div class=\"elementor-element elementor-element-2b91cb4 elementor-align-center elementor-invisible elementor-widget elementor-widget-button\" data-id=\"2b91cb4\" data-element_type=\"widget\" data-settings=\"{&quot;_animation&quot;:&quot;fadeInDown&quot;}\" data-widget_type=\"button.default\">\n\t\t\t\t\t\t\t\t\t\t<a class=\"elementor-button elementor-button-link elementor-size-sm\" href=\"http:\/\/itcertifica.com\/sitio_nuevo\/wp-content\/uploads\/2025\/09\/RUT-IT-CERTIFICA-AGOSTO-2025.pdf\" target=\"_blank\">\n\t\t\t\t\t\t<span class=\"elementor-button-content-wrapper\">\n\t\t\t\t\t\t\t\t\t<span class=\"elementor-button-text\">REGISTRO \u00daNICO TRIBUTARIO (RUT)<\/span>\n\t\t\t\t\t<\/span>\n\t\t\t\t\t<\/a>\n\t\t\t\t\t\t\t\t<\/div>\n\t\t\t\t<div class=\"elementor-element elementor-element-ce8dee4 elementor-align-center elementor-invisible elementor-widget elementor-widget-button\" data-id=\"ce8dee4\" data-element_type=\"widget\" data-settings=\"{&quot;_animation&quot;:&quot;fadeInDown&quot;}\" data-widget_type=\"button.default\">\n\t\t\t\t\t\t\t\t\t\t<a class=\"elementor-button elementor-button-link elementor-size-sm\" href=\"http:\/\/itcertifica.com\/sitio_nuevo\/wp-content\/uploads\/2025\/09\/pago-bancolombia_llaves.pdf\" target=\"_blank\">\n\t\t\t\t\t\t<span class=\"elementor-button-content-wrapper\">\n\t\t\t\t\t\t\t\t\t<span class=\"elementor-button-text\">CERTIFICACI\u00d3N BANCARIA<\/span>\n\t\t\t\t\t<\/span>\n\t\t\t\t\t<\/a>\n\t\t\t\t\t\t\t\t<\/div>\n\t\t\t\t\t<\/div>\n\t\t\t\t<\/div>\n\t\t<div class=\"elementor-element elementor-element-c0cd3f7 e-flex e-con-boxed e-con e-parent\" data-id=\"c0cd3f7\" data-element_type=\"container\">\n\t\t\t\t\t<div class=\"e-con-inner\">\n\t\t\t\t<div class=\"elementor-element elementor-element-22110e9 elementor-widget elementor-widget-spacer\" data-id=\"22110e9\" data-element_type=\"widget\" data-widget_type=\"spacer.default\">\n\t\t\t\t\t\t\t<div class=\"elementor-spacer\">\n\t\t\t<div class=\"elementor-spacer-inner\"><\/div>\n\t\t<\/div>\n\t\t\t\t\t\t<\/div>\n\t\t\t\t\t<\/div>\n\t\t\t\t<\/div>\n\t\t\t\t<\/div>\n\t\t","protected":false},"excerpt":{"rendered":"<p>Portal ZONA DE PAGOS \u00a0Realiza tus pagos desde tu celular de una forma r\u00e1pida y segura. Solo necesitas tener instalado [&hellip;]<\/p>\n","protected":false},"author":1,"featured_media":0,"parent":0,"menu_order":0,"comment_status":"closed","ping_status":"closed","template":"elementor_header_footer","meta":{"site-sidebar-layout":"no-sidebar","site-content-layout":"plain-container","ast-site-content-layout":"full-width-container","site-content-style":"default","site-sidebar-style":"default","ast-global-header-display":"","ast-banner-title-visibility":"","ast-main-header-display":"","ast-hfb-above-header-display":"","ast-hfb-below-header-display":"","ast-hfb-mobile-header-display":"","site-post-title":"","ast-breadcrumbs-content":"","ast-featured-img":"disabled","footer-sml-layout":"","theme-transparent-header-meta":"enabled","adv-header-id-meta":"","stick-header-meta":"","header-above-stick-meta":"","header-main-stick-meta":"","header-below-stick-meta":"","astra-migrate-meta-layouts":"default","ast-page-background-enabled":"default","ast-page-background-meta":{"desktop":{"background-color":"var(--ast-global-color-5)","background-image":"","background-repeat":"repeat","background-position":"center center","background-size":"auto","background-attachment":"scroll","background-type":"","background-media":"","overlay-type":"","overlay-color":"","overlay-opacity":"","overlay-gradient":""},"tablet":{"background-color":"","background-image":"","background-repeat":"repeat","background-position":"center center","background-size":"auto","background-attachment":"scroll","background-type":"","background-media":"","overlay-type":"","overlay-color":"","overlay-opacity":"","overlay-gradient":""},"mobile":{"background-color":"","background-image":"","background-repeat":"repeat","background-position":"center center","background-size":"auto","background-attachment":"scroll","background-type":"","background-media":"","overlay-type":"","overlay-color":"","overlay-opacity":"","overlay-gradient":""}},"ast-content-background-meta":{"desktop":{"background-color":"var(--ast-global-color-4)","background-image":"","background-repeat":"repeat","background-position":"center center","background-size":"auto","background-attachment":"scroll","background-type":"","background-media":"","overlay-type":"","overlay-color":"","overlay-opacity":"","overlay-gradient":""},"tablet":{"background-color":"var(--ast-global-color-4)","background-image":"","background-repeat":"repeat","background-position":"center center","background-size":"auto","background-attachment":"scroll","background-type":"","background-media":"","overlay-type":"","overlay-color":"","overlay-opacity":"","overlay-gradient":""},"mobile":{"background-color":"var(--ast-global-color-4)","background-image":"","background-repeat":"repeat","background-position":"center center","background-size":"auto","background-attachment":"scroll","background-type":"","background-media":"","overlay-type":"","overlay-color":"","overlay-opacity":"","overlay-gradient":""}},"footnotes":""},"class_list":["post-17","page","type-page","status-publish","hentry"],"yoast_head":"<!-- This site is optimized with the Yoast SEO plugin v25.6 - https:\/\/yoast.com\/wordpress\/plugins\/seo\/ -->\n<title>Pagos - IT Certifica<\/title>\n<meta name=\"robots\" content=\"index, follow, max-snippet:-1, max-image-preview:large, max-video-preview:-1\" \/>\n<link rel=\"canonical\" href=\"https:\/\/itcertifica.com\/sitio_nuevo\/pagos\/\" \/>\n<meta property=\"og:locale\" content=\"es_ES\" \/>\n<meta property=\"og:type\" content=\"article\" \/>\n<meta property=\"og:title\" content=\"Pagos - IT Certifica\" \/>\n<meta property=\"og:description\" content=\"Portal ZONA DE PAGOS \u00a0Realiza tus pagos desde tu celular de una forma r\u00e1pida y segura. Solo necesitas tener instalado [&hellip;]\" \/>\n<meta property=\"og:url\" content=\"https:\/\/itcertifica.com\/sitio_nuevo\/pagos\/\" \/>\n<meta property=\"og:site_name\" content=\"IT Certifica\" \/>\n<meta property=\"article:modified_time\" content=\"2025-09-19T15:16:10+00:00\" \/>\n<meta property=\"og:image\" content=\"http:\/\/itcertifica.com\/sitio_nuevo\/wp-content\/uploads\/2025\/08\/icon2.png\" \/>\n<meta name=\"twitter:card\" content=\"summary_large_image\" \/>\n<meta name=\"twitter:label1\" content=\"Tiempo de lectura\" \/>\n\t<meta name=\"twitter:data1\" content=\"2 minutos\" \/>\n<script type=\"application\/ld+json\" class=\"yoast-schema-graph\">{\"@context\":\"https:\/\/schema.org\",\"@graph\":[{\"@type\":\"WebPage\",\"@id\":\"https:\/\/itcertifica.com\/sitio_nuevo\/pagos\/\",\"url\":\"https:\/\/itcertifica.com\/sitio_nuevo\/pagos\/\",\"name\":\"Pagos - IT Certifica\",\"isPartOf\":{\"@id\":\"http:\/\/itcertifica.com\/sitio_nuevo\/#website\"},\"primaryImageOfPage\":{\"@id\":\"https:\/\/itcertifica.com\/sitio_nuevo\/pagos\/#primaryimage\"},\"image\":{\"@id\":\"https:\/\/itcertifica.com\/sitio_nuevo\/pagos\/#primaryimage\"},\"thumbnailUrl\":\"http:\/\/itcertifica.com\/sitio_nuevo\/wp-content\/uploads\/2025\/08\/icon2.png\",\"datePublished\":\"2025-08-12T16:58:54+00:00\",\"dateModified\":\"2025-09-19T15:16:10+00:00\",\"breadcrumb\":{\"@id\":\"https:\/\/itcertifica.com\/sitio_nuevo\/pagos\/#breadcrumb\"},\"inLanguage\":\"es-CO\",\"potentialAction\":[{\"@type\":\"ReadAction\",\"target\":[\"https:\/\/itcertifica.com\/sitio_nuevo\/pagos\/\"]}]},{\"@type\":\"ImageObject\",\"inLanguage\":\"es-CO\",\"@id\":\"https:\/\/itcertifica.com\/sitio_nuevo\/pagos\/#primaryimage\",\"url\":\"https:\/\/itcertifica.com\/sitio_nuevo\/wp-content\/uploads\/2025\/08\/icon2.png\",\"contentUrl\":\"https:\/\/itcertifica.com\/sitio_nuevo\/wp-content\/uploads\/2025\/08\/icon2.png\",\"width\":252,\"height\":252},{\"@type\":\"BreadcrumbList\",\"@id\":\"https:\/\/itcertifica.com\/sitio_nuevo\/pagos\/#breadcrumb\",\"itemListElement\":[{\"@type\":\"ListItem\",\"position\":1,\"name\":\"Inicio\",\"item\":\"http:\/\/itcertifica.com\/sitio_nuevo\/\"},{\"@type\":\"ListItem\",\"position\":2,\"name\":\"Pagos\"}]},{\"@type\":\"WebSite\",\"@id\":\"http:\/\/itcertifica.com\/sitio_nuevo\/#website\",\"url\":\"http:\/\/itcertifica.com\/sitio_nuevo\/\",\"name\":\"IT Certifica\",\"description\":\"\",\"potentialAction\":[{\"@type\":\"SearchAction\",\"target\":{\"@type\":\"EntryPoint\",\"urlTemplate\":\"http:\/\/itcertifica.com\/sitio_nuevo\/?s={search_term_string}\"},\"query-input\":{\"@type\":\"PropertyValueSpecification\",\"valueRequired\":true,\"valueName\":\"search_term_string\"}}],\"inLanguage\":\"es-CO\"}]}<\/script>\n<!-- \/ Yoast SEO plugin. -->","yoast_head_json":{"title":"Pagos - IT Certifica","robots":{"index":"index","follow":"follow","max-snippet":"max-snippet:-1","max-image-preview":"max-image-preview:large","max-video-preview":"max-video-preview:-1"},"canonical":"https:\/\/itcertifica.com\/sitio_nuevo\/pagos\/","og_locale":"es_ES","og_type":"article","og_title":"Pagos - IT Certifica","og_description":"Portal ZONA DE PAGOS \u00a0Realiza tus pagos desde tu celular de una forma r\u00e1pida y segura. Solo necesitas tener instalado [&hellip;]","og_url":"https:\/\/itcertifica.com\/sitio_nuevo\/pagos\/","og_site_name":"IT Certifica","article_modified_time":"2025-09-19T15:16:10+00:00","og_image":[{"url":"http:\/\/itcertifica.com\/sitio_nuevo\/wp-content\/uploads\/2025\/08\/icon2.png","type":"","width":"","height":""}],"twitter_card":"summary_large_image","twitter_misc":{"Tiempo de lectura":"2 minutos"},"schema":{"@context":"https:\/\/schema.org","@graph":[{"@type":"WebPage","@id":"https:\/\/itcertifica.com\/sitio_nuevo\/pagos\/","url":"https:\/\/itcertifica.com\/sitio_nuevo\/pagos\/","name":"Pagos - IT Certifica","isPartOf":{"@id":"http:\/\/itcertifica.com\/sitio_nuevo\/#website"},"primaryImageOfPage":{"@id":"https:\/\/itcertifica.com\/sitio_nuevo\/pagos\/#primaryimage"},"image":{"@id":"https:\/\/itcertifica.com\/sitio_nuevo\/pagos\/#primaryimage"},"thumbnailUrl":"http:\/\/itcertifica.com\/sitio_nuevo\/wp-content\/uploads\/2025\/08\/icon2.png","datePublished":"2025-08-12T16:58:54+00:00","dateModified":"2025-09-19T15:16:10+00:00","breadcrumb":{"@id":"https:\/\/itcertifica.com\/sitio_nuevo\/pagos\/#breadcrumb"},"inLanguage":"es-CO","potentialAction":[{"@type":"ReadAction","target":["https:\/\/itcertifica.com\/sitio_nuevo\/pagos\/"]}]},{"@type":"ImageObject","inLanguage":"es-CO","@id":"https:\/\/itcertifica.com\/sitio_nuevo\/pagos\/#primaryimage","url":"https:\/\/itcertifica.com\/sitio_nuevo\/wp-content\/uploads\/2025\/08\/icon2.png","contentUrl":"https:\/\/itcertifica.com\/sitio_nuevo\/wp-content\/uploads\/2025\/08\/icon2.png","width":252,"height":252},{"@type":"BreadcrumbList","@id":"https:\/\/itcertifica.com\/sitio_nuevo\/pagos\/#breadcrumb","itemListElement":[{"@type":"ListItem","position":1,"name":"Inicio","item":"http:\/\/itcertifica.com\/sitio_nuevo\/"},{"@type":"ListItem","position":2,"name":"Pagos"}]},{"@type":"WebSite","@id":"http:\/\/itcertifica.com\/sitio_nuevo\/#website","url":"http:\/\/itcertifica.com\/sitio_nuevo\/","name":"IT Certifica","description":"","potentialAction":[{"@type":"SearchAction","target":{"@type":"EntryPoint","urlTemplate":"http:\/\/itcertifica.com\/sitio_nuevo\/?s={search_term_string}"},"query-input":{"@type":"PropertyValueSpecification","valueRequired":true,"valueName":"search_term_string"}}],"inLanguage":"es-CO"}]}},"_links":{"self":[{"href":"https:\/\/itcertifica.com\/sitio_nuevo\/wp-json\/wp\/v2\/pages\/17","targetHints":{"allow":["GET"]}}],"collection":[{"href":"https:\/\/itcertifica.com\/sitio_nuevo\/wp-json\/wp\/v2\/pages"}],"about":[{"href":"https:\/\/itcertifica.com\/sitio_nuevo\/wp-json\/wp\/v2\/types\/page"}],"author":[{"embeddable":true,"href":"https:\/\/itcertifica.com\/sitio_nuevo\/wp-json\/wp\/v2\/users\/1"}],"replies":[{"embeddable":true,"href":"https:\/\/itcertifica.com\/sitio_nuevo\/wp-json\/wp\/v2\/comments?post=17"}],"version-history":[{"count":133,"href":"https:\/\/itcertifica.com\/sitio_nuevo\/wp-json\/wp\/v2\/pages\/17\/revisions"}],"predecessor-version":[{"id":2140,"href":"https:\/\/itcertifica.com\/sitio_nuevo\/wp-json\/wp\/v2\/pages\/17\/revisions\/2140"}],"wp:attachment":[{"href":"https:\/\/itcertifica.com\/sitio_nuevo\/wp-json\/wp\/v2\/media?parent=17"}],"curies":[{"name":"wp","href":"https:\/\/api.w.org\/{rel}","templated":true}]}}