{"id":1283,"date":"2025-09-01T16:24:04","date_gmt":"2025-09-01T21:24:04","guid":{"rendered":"https:\/\/itcertifica.com\/sitio_nuevo\/?page_id=1283"},"modified":"2025-09-10T16:17:45","modified_gmt":"2025-09-10T21:17:45","slug":"otros-servicios","status":"publish","type":"page","link":"https:\/\/itcertifica.com\/sitio_nuevo\/otros-servicios\/","title":{"rendered":"Otros servicios"},"content":{"rendered":"\t\t<div data-elementor-type=\"wp-page\" data-elementor-id=\"1283\" class=\"elementor elementor-1283\">\n\t\t\t\t<div class=\"elementor-element elementor-element-75b937e e-con-full e-flex e-con e-parent\" data-id=\"75b937e\" data-element_type=\"container\">\n\t\t<div class=\"elementor-element elementor-element-23af5fb e-con-full e-flex e-con e-child\" data-id=\"23af5fb\" data-element_type=\"container\" data-settings=\"{&quot;background_background&quot;:&quot;classic&quot;}\">\n\t\t\t\t<div class=\"elementor-element elementor-element-15a5efc elementor-widget elementor-widget-heading\" data-id=\"15a5efc\" data-element_type=\"widget\" data-widget_type=\"heading.default\">\n\t\t\t\t\t<h2 class=\"elementor-heading-title elementor-size-default\">Otros servicios<br><\/h2>\t\t\t\t<\/div>\n\t\t\t\t<div class=\"elementor-element elementor-element-84bde2d elementor-widget elementor-widget-heading\" data-id=\"84bde2d\" data-element_type=\"widget\" data-widget_type=\"heading.default\">\n\t\t\t\t\t<h2 class=\"elementor-heading-title elementor-size-default\">(No acreditados)<\/h2>\t\t\t\t<\/div>\n\t\t\t\t<div class=\"elementor-element elementor-element-a7b9d58 elementor-widget__width-initial elementor-icon-list--layout-traditional elementor-list-item-link-full_width elementor-widget elementor-widget-icon-list\" data-id=\"a7b9d58\" data-element_type=\"widget\" data-widget_type=\"icon-list.default\">\n\t\t\t\t\t\t\t<ul class=\"elementor-icon-list-items\">\n\t\t\t\t\t\t\t<li class=\"elementor-icon-list-item\">\n\t\t\t\t\t\t\t\t\t\t\t<span class=\"elementor-icon-list-icon\">\n\t\t\t\t\t\t\t<svg aria-hidden=\"true\" class=\"e-font-icon-svg e-fas-users-cog\" viewBox=\"0 0 640 512\" xmlns=\"http:\/\/www.w3.org\/2000\/svg\"><path d=\"M610.5 341.3c2.6-14.1 2.6-28.5 0-42.6l25.8-14.9c3-1.7 4.3-5.2 3.3-8.5-6.7-21.6-18.2-41.2-33.2-57.4-2.3-2.5-6-3.1-9-1.4l-25.8 14.9c-10.9-9.3-23.4-16.5-36.9-21.3v-29.8c0-3.4-2.4-6.4-5.7-7.1-22.3-5-45-4.8-66.2 0-3.3.7-5.7 3.7-5.7 7.1v29.8c-13.5 4.8-26 12-36.9 21.3l-25.8-14.9c-2.9-1.7-6.7-1.1-9 1.4-15 16.2-26.5 35.8-33.2 57.4-1 3.3.4 6.8 3.3 8.5l25.8 14.9c-2.6 14.1-2.6 28.5 0 42.6l-25.8 14.9c-3 1.7-4.3 5.2-3.3 8.5 6.7 21.6 18.2 41.1 33.2 57.4 2.3 2.5 6 3.1 9 1.4l25.8-14.9c10.9 9.3 23.4 16.5 36.9 21.3v29.8c0 3.4 2.4 6.4 5.7 7.1 22.3 5 45 4.8 66.2 0 3.3-.7 5.7-3.7 5.7-7.1v-29.8c13.5-4.8 26-12 36.9-21.3l25.8 14.9c2.9 1.7 6.7 1.1 9-1.4 15-16.2 26.5-35.8 33.2-57.4 1-3.3-.4-6.8-3.3-8.5l-25.8-14.9zM496 368.5c-26.8 0-48.5-21.8-48.5-48.5s21.8-48.5 48.5-48.5 48.5 21.8 48.5 48.5-21.7 48.5-48.5 48.5zM96 224c35.3 0 64-28.7 64-64s-28.7-64-64-64-64 28.7-64 64 28.7 64 64 64zm224 32c1.9 0 3.7-.5 5.6-.6 8.3-21.7 20.5-42.1 36.3-59.2 7.4-8 17.9-12.6 28.9-12.6 6.9 0 13.7 1.8 19.6 5.3l7.9 4.6c.8-.5 1.6-.9 2.4-1.4 7-14.6 11.2-30.8 11.2-48 0-61.9-50.1-112-112-112S208 82.1 208 144c0 61.9 50.1 112 112 112zm105.2 194.5c-2.3-1.2-4.6-2.6-6.8-3.9-8.2 4.8-15.3 9.8-27.5 9.8-10.9 0-21.4-4.6-28.9-12.6-18.3-19.8-32.3-43.9-40.2-69.6-10.7-34.5 24.9-49.7 25.8-50.3-.1-2.6-.1-5.2 0-7.8l-7.9-4.6c-3.8-2.2-7-5-9.8-8.1-3.3.2-6.5.6-9.8.6-24.6 0-47.6-6-68.5-16h-8.3C179.6 288 128 339.6 128 403.2V432c0 26.5 21.5 48 48 48h255.4c-3.7-6-6.2-12.8-6.2-20.3v-9.2zM173.1 274.6C161.5 263.1 145.6 256 128 256H64c-35.3 0-64 28.7-64 64v32c0 17.7 14.3 32 32 32h65.9c6.3-47.4 34.9-87.3 75.2-109.4z\"><\/path><\/svg>\t\t\t\t\t\t<\/span>\n\t\t\t\t\t\t\t\t\t\t<span class=\"elementor-icon-list-text\">Dentro de nuestros servicios especializados ofrecemos soluciones que fortalecen la seguridad y eficiencia de las instalaciones el\u00e9ctricas. Realizamos curvas I-V para evaluar el rendimiento de sistemas solares, aplicamos an\u00e1lisis de riesgos el\u00e9ctricos para prevenir fallas y garantizar el cumplimiento normativo, y utilizamos termograf\u00eda a\u00e9rea y de piso para detectar puntos calientes y anomal\u00edas que no son visibles a simple vista.  Con estas herramientas tecnol\u00f3gicas ayudamos a nuestros clientes a contar con instalaciones m\u00e1s seguras, confiables y eficientes.<\/span>\n\t\t\t\t\t\t\t\t\t<\/li>\n\t\t\t\t\t\t<\/ul>\n\t\t\t\t\t\t<\/div>\n\t\t\t\t<\/div>\n\t\t<div class=\"elementor-element elementor-element-e7bc7d4 e-con-full e-flex e-con e-child\" data-id=\"e7bc7d4\" data-element_type=\"container\">\n\t\t\t\t<div class=\"elementor-element elementor-element-f723616 elementor-widget elementor-widget-image\" data-id=\"f723616\" data-element_type=\"widget\" data-widget_type=\"image.default\">\n\t\t\t\t\t\t\t\t\t\t\t\t\t\t\t<img fetchpriority=\"high\" decoding=\"async\" width=\"1024\" height=\"768\" src=\"http:\/\/itcertifica.com\/sitio_nuevo\/wp-content\/uploads\/2025\/09\/DJI_0034_W.jpg\" class=\"attachment-large size-large wp-image-1560\" alt=\"\" \/>\t\t\t\t\t\t\t\t\t\t\t\t\t\t\t<\/div>\n\t\t\t\t<\/div>\n\t\t\t\t<\/div>\n\t\t<div class=\"elementor-element elementor-element-a36b451 e-flex e-con-boxed e-con e-parent\" data-id=\"a36b451\" data-element_type=\"container\">\n\t\t\t\t\t<div class=\"e-con-inner\">\n\t\t\t\t<div class=\"elementor-element elementor-element-8990409 elementor-widget__width-initial elementor-widget elementor-widget-text-editor\" data-id=\"8990409\" data-element_type=\"widget\" data-widget_type=\"text-editor.default\">\n\t\t\t\t\t\t\t\t\t<p>Para el servicio de <strong data-start=\"247\" data-end=\"270\">termograf\u00edas a\u00e9reas<\/strong>, contamos con <strong data-start=\"285\" data-end=\"333\">pilotos autorizados por la Aeron\u00e1utica Civil<\/strong> y con el respaldo de <strong data-start=\"355\" data-end=\"371\">IT CERTIFICA SAS<\/strong>, entidad igualmente avalada por la Aeron\u00e1utica, lo que garantiza seguridad, cumplimiento normativo y calidad en cada operaci\u00f3n.<\/p>\t\t\t\t\t\t\t\t<\/div>\n\t\t\t\t<div class=\"elementor-element elementor-element-024ccd3 elementor-widget elementor-widget-spacer\" data-id=\"024ccd3\" data-element_type=\"widget\" data-widget_type=\"spacer.default\">\n\t\t\t\t\t\t\t<div class=\"elementor-spacer\">\n\t\t\t<div class=\"elementor-spacer-inner\"><\/div>\n\t\t<\/div>\n\t\t\t\t\t\t<\/div>\n\t\t\t\t\t<\/div>\n\t\t\t\t<\/div>\n\t\t<div class=\"elementor-element elementor-element-25e71f8 e-con-full e-flex e-con e-parent\" data-id=\"25e71f8\" data-element_type=\"container\" data-settings=\"{&quot;background_background&quot;:&quot;classic&quot;}\">\n\t\t<div class=\"elementor-element elementor-element-dc71f41 e-con-full e-flex e-con e-child\" data-id=\"dc71f41\" data-element_type=\"container\">\n\t\t\t\t<div class=\"elementor-element elementor-element-56bd615 elementor-widget__width-initial elementor-invisible elementor-widget elementor-widget-image\" data-id=\"56bd615\" data-element_type=\"widget\" data-settings=\"{&quot;_animation&quot;:&quot;fadeInDown&quot;}\" data-widget_type=\"image.default\">\n\t\t\t\t\t\t\t\t\t\t\t\t\t\t\t<img decoding=\"async\" width=\"640\" height=\"540\" src=\"http:\/\/itcertifica.com\/sitio_nuevo\/wp-content\/uploads\/2025\/09\/image.png\" class=\"elementor-animation-grow attachment-large size-large wp-image-1679\" alt=\"\" \/>\t\t\t\t\t\t\t\t\t\t\t\t\t\t\t<\/div>\n\t\t\t\t<div class=\"elementor-element elementor-element-76ec05f elementor-widget elementor-widget-heading\" data-id=\"76ec05f\" data-element_type=\"widget\" data-widget_type=\"heading.default\">\n\t\t\t\t\t<h2 class=\"elementor-heading-title elementor-size-default\">Curvas IV<\/h2>\t\t\t\t<\/div>\n\t\t\t\t<\/div>\n\t\t\t\t<div class=\"elementor-element elementor-element-ae97331 elementor-widget__width-initial elementor-widget elementor-widget-spacer\" data-id=\"ae97331\" data-element_type=\"widget\" data-widget_type=\"spacer.default\">\n\t\t\t\t\t\t\t<div class=\"elementor-spacer\">\n\t\t\t<div class=\"elementor-spacer-inner\"><\/div>\n\t\t<\/div>\n\t\t\t\t\t\t<\/div>\n\t\t<div class=\"elementor-element elementor-element-c966d22 e-con-full e-flex e-con e-child\" data-id=\"c966d22\" data-element_type=\"container\">\n\t\t\t\t<div class=\"elementor-element elementor-element-30097aa elementor-widget__width-initial elementor-invisible elementor-widget elementor-widget-image\" data-id=\"30097aa\" data-element_type=\"widget\" data-settings=\"{&quot;_animation&quot;:&quot;fadeInDown&quot;}\" data-widget_type=\"image.default\">\n\t\t\t\t\t\t\t\t\t\t\t\t\t\t\t<img decoding=\"async\" width=\"768\" height=\"1024\" src=\"http:\/\/itcertifica.com\/sitio_nuevo\/wp-content\/uploads\/2025\/09\/IMG_2223.jpg\" class=\"elementor-animation-grow attachment-large size-large wp-image-1562\" alt=\"\" \/>\t\t\t\t\t\t\t\t\t\t\t\t\t\t\t<\/div>\n\t\t\t\t<div class=\"elementor-element elementor-element-c945166 elementor-widget elementor-widget-heading\" data-id=\"c945166\" data-element_type=\"widget\" data-widget_type=\"heading.default\">\n\t\t\t\t\t<h2 class=\"elementor-heading-title elementor-size-default\">An\u00e1lisis de riesgos el\u00e9ctricos<\/h2>\t\t\t\t<\/div>\n\t\t\t\t<\/div>\n\t\t\t\t<div class=\"elementor-element elementor-element-6b186af elementor-widget__width-initial elementor-widget-divider--view-line elementor-widget elementor-widget-divider\" data-id=\"6b186af\" data-element_type=\"widget\" data-widget_type=\"divider.default\">\n\t\t\t\t\t\t\t<div class=\"elementor-divider\">\n\t\t\t<span class=\"elementor-divider-separator\">\n\t\t\t\t\t\t<\/span>\n\t\t<\/div>\n\t\t\t\t\t\t<\/div>\n\t\t<div class=\"elementor-element elementor-element-e194023 e-con-full e-flex e-con e-child\" data-id=\"e194023\" data-element_type=\"container\">\n\t\t\t\t<div class=\"elementor-element elementor-element-1415f73 elementor-invisible elementor-widget elementor-widget-image\" data-id=\"1415f73\" data-element_type=\"widget\" data-settings=\"{&quot;_animation&quot;:&quot;fadeInDown&quot;}\" data-widget_type=\"image.default\">\n\t\t\t\t\t\t\t\t\t\t\t\t\t\t\t<img loading=\"lazy\" decoding=\"async\" width=\"8000\" height=\"6000\" src=\"http:\/\/itcertifica.com\/sitio_nuevo\/wp-content\/uploads\/2025\/09\/DJI_0040_W.jpg\" class=\"elementor-animation-grow attachment-full size-full wp-image-1565\" alt=\"\" \/>\t\t\t\t\t\t\t\t\t\t\t\t\t\t\t<\/div>\n\t\t\t\t<div class=\"elementor-element elementor-element-f392f00 elementor-widget elementor-widget-heading\" data-id=\"f392f00\" data-element_type=\"widget\" data-widget_type=\"heading.default\">\n\t\t\t\t\t<h2 class=\"elementor-heading-title elementor-size-default\">Termograf\u00eda a\u00e9rea y de piso<\/h2>\t\t\t\t<\/div>\n\t\t\t\t<\/div>\n\t\t\t\t<\/div>\n\t\t<div class=\"elementor-element elementor-element-e990741 e-flex e-con-boxed e-con e-parent\" data-id=\"e990741\" data-element_type=\"container\">\n\t\t\t\t\t<div class=\"e-con-inner\">\n\t\t\t\t<div class=\"elementor-element elementor-element-51f382a elementor-widget elementor-widget-spacer\" data-id=\"51f382a\" data-element_type=\"widget\" data-widget_type=\"spacer.default\">\n\t\t\t\t\t\t\t<div class=\"elementor-spacer\">\n\t\t\t<div class=\"elementor-spacer-inner\"><\/div>\n\t\t<\/div>\n\t\t\t\t\t\t<\/div>\n\t\t\t\t\t<\/div>\n\t\t\t\t<\/div>\n\t\t\t\t<\/div>\n\t\t","protected":false},"excerpt":{"rendered":"<p>Otros servicios (No acreditados) Dentro de nuestros servicios especializados ofrecemos soluciones que fortalecen la seguridad y eficiencia de las instalaciones [&hellip;]<\/p>\n","protected":false},"author":1,"featured_media":0,"parent":0,"menu_order":0,"comment_status":"closed","ping_status":"closed","template":"","meta":{"site-sidebar-layout":"no-sidebar","site-content-layout":"","ast-site-content-layout":"full-width-container","site-content-style":"default","site-sidebar-style":"default","ast-global-header-display":"","ast-banner-title-visibility":"","ast-main-header-display":"","ast-hfb-above-header-display":"","ast-hfb-below-header-display":"","ast-hfb-mobile-header-display":"","site-post-title":"","ast-breadcrumbs-content":"","ast-featured-img":"disabled","footer-sml-layout":"","theme-transparent-header-meta":"","adv-header-id-meta":"","stick-header-meta":"","header-above-stick-meta":"","header-main-stick-meta":"","header-below-stick-meta":"","astra-migrate-meta-layouts":"default","ast-page-background-enabled":"default","ast-page-background-meta":{"desktop":{"background-color":"var(--ast-global-color-5)","background-image":"","background-repeat":"repeat","background-position":"center center","background-size":"auto","background-attachment":"scroll","background-type":"","background-media":"","overlay-type":"","overlay-color":"","overlay-opacity":"","overlay-gradient":""},"tablet":{"background-color":"","background-image":"","background-repeat":"repeat","background-position":"center center","background-size":"auto","background-attachment":"scroll","background-type":"","background-media":"","overlay-type":"","overlay-color":"","overlay-opacity":"","overlay-gradient":""},"mobile":{"background-color":"","background-image":"","background-repeat":"repeat","background-position":"center center","background-size":"auto","background-attachment":"scroll","background-type":"","background-media":"","overlay-type":"","overlay-color":"","overlay-opacity":"","overlay-gradient":""}},"ast-content-background-meta":{"desktop":{"background-color":"var(--ast-global-color-4)","background-image":"","background-repeat":"repeat","background-position":"center center","background-size":"auto","background-attachment":"scroll","background-type":"","background-media":"","overlay-type":"","overlay-color":"","overlay-opacity":"","overlay-gradient":""},"tablet":{"background-color":"var(--ast-global-color-4)","background-image":"","background-repeat":"repeat","background-position":"center center","background-size":"auto","background-attachment":"scroll","background-type":"","background-media":"","overlay-type":"","overlay-color":"","overlay-opacity":"","overlay-gradient":""},"mobile":{"background-color":"var(--ast-global-color-4)","background-image":"","background-repeat":"repeat","background-position":"center center","background-size":"auto","background-attachment":"scroll","background-type":"","background-media":"","overlay-type":"","overlay-color":"","overlay-opacity":"","overlay-gradient":""}},"footnotes":""},"class_list":["post-1283","page","type-page","status-publish","hentry"],"yoast_head":"<!-- This site is optimized with the Yoast SEO plugin v25.6 - https:\/\/yoast.com\/wordpress\/plugins\/seo\/ -->\n<title>Otros servicios - IT Certifica<\/title>\n<meta name=\"robots\" content=\"index, follow, max-snippet:-1, max-image-preview:large, max-video-preview:-1\" \/>\n<link rel=\"canonical\" href=\"http:\/\/itcertifica.com\/sitio_nuevo\/otros-servicios\/\" \/>\n<meta property=\"og:locale\" content=\"es_ES\" \/>\n<meta property=\"og:type\" content=\"article\" \/>\n<meta property=\"og:title\" content=\"Otros servicios - IT Certifica\" \/>\n<meta property=\"og:description\" content=\"Otros servicios (No acreditados) Dentro de nuestros servicios especializados ofrecemos soluciones que fortalecen la seguridad y eficiencia de las instalaciones [&hellip;]\" \/>\n<meta property=\"og:url\" content=\"http:\/\/itcertifica.com\/sitio_nuevo\/otros-servicios\/\" \/>\n<meta property=\"og:site_name\" content=\"IT Certifica\" \/>\n<meta property=\"article:modified_time\" content=\"2025-09-10T21:17:45+00:00\" \/>\n<meta property=\"og:image\" content=\"https:\/\/itcertifica.com\/sitio_nuevo\/wp-content\/uploads\/2025\/09\/DJI_0034_W.jpg\" \/>\n<meta name=\"twitter:card\" content=\"summary_large_image\" \/>\n<meta name=\"twitter:label1\" content=\"Tiempo de lectura\" \/>\n\t<meta name=\"twitter:data1\" content=\"1 minuto\" \/>\n<script type=\"application\/ld+json\" class=\"yoast-schema-graph\">{\"@context\":\"https:\/\/schema.org\",\"@graph\":[{\"@type\":\"WebPage\",\"@id\":\"http:\/\/itcertifica.com\/sitio_nuevo\/otros-servicios\/\",\"url\":\"http:\/\/itcertifica.com\/sitio_nuevo\/otros-servicios\/\",\"name\":\"Otros servicios - IT Certifica\",\"isPartOf\":{\"@id\":\"http:\/\/itcertifica.com\/sitio_nuevo\/#website\"},\"primaryImageOfPage\":{\"@id\":\"http:\/\/itcertifica.com\/sitio_nuevo\/otros-servicios\/#primaryimage\"},\"image\":{\"@id\":\"http:\/\/itcertifica.com\/sitio_nuevo\/otros-servicios\/#primaryimage\"},\"thumbnailUrl\":\"https:\/\/itcertifica.com\/sitio_nuevo\/wp-content\/uploads\/2025\/09\/DJI_0034_W.jpg\",\"datePublished\":\"2025-09-01T21:24:04+00:00\",\"dateModified\":\"2025-09-10T21:17:45+00:00\",\"breadcrumb\":{\"@id\":\"http:\/\/itcertifica.com\/sitio_nuevo\/otros-servicios\/#breadcrumb\"},\"inLanguage\":\"es-CO\",\"potentialAction\":[{\"@type\":\"ReadAction\",\"target\":[\"http:\/\/itcertifica.com\/sitio_nuevo\/otros-servicios\/\"]}]},{\"@type\":\"ImageObject\",\"inLanguage\":\"es-CO\",\"@id\":\"http:\/\/itcertifica.com\/sitio_nuevo\/otros-servicios\/#primaryimage\",\"url\":\"https:\/\/itcertifica.com\/sitio_nuevo\/wp-content\/uploads\/2025\/09\/DJI_0034_W.jpg\",\"contentUrl\":\"https:\/\/itcertifica.com\/sitio_nuevo\/wp-content\/uploads\/2025\/09\/DJI_0034_W.jpg\",\"width\":8000,\"height\":6000,\"caption\":\"default\"},{\"@type\":\"BreadcrumbList\",\"@id\":\"http:\/\/itcertifica.com\/sitio_nuevo\/otros-servicios\/#breadcrumb\",\"itemListElement\":[{\"@type\":\"ListItem\",\"position\":1,\"name\":\"Inicio\",\"item\":\"http:\/\/itcertifica.com\/sitio_nuevo\/\"},{\"@type\":\"ListItem\",\"position\":2,\"name\":\"Otros servicios\"}]},{\"@type\":\"WebSite\",\"@id\":\"http:\/\/itcertifica.com\/sitio_nuevo\/#website\",\"url\":\"http:\/\/itcertifica.com\/sitio_nuevo\/\",\"name\":\"IT Certifica\",\"description\":\"\",\"potentialAction\":[{\"@type\":\"SearchAction\",\"target\":{\"@type\":\"EntryPoint\",\"urlTemplate\":\"http:\/\/itcertifica.com\/sitio_nuevo\/?s={search_term_string}\"},\"query-input\":{\"@type\":\"PropertyValueSpecification\",\"valueRequired\":true,\"valueName\":\"search_term_string\"}}],\"inLanguage\":\"es-CO\"}]}<\/script>\n<!-- \/ Yoast SEO plugin. -->","yoast_head_json":{"title":"Otros servicios - IT Certifica","robots":{"index":"index","follow":"follow","max-snippet":"max-snippet:-1","max-image-preview":"max-image-preview:large","max-video-preview":"max-video-preview:-1"},"canonical":"http:\/\/itcertifica.com\/sitio_nuevo\/otros-servicios\/","og_locale":"es_ES","og_type":"article","og_title":"Otros servicios - IT Certifica","og_description":"Otros servicios (No acreditados) Dentro de nuestros servicios especializados ofrecemos soluciones que fortalecen la seguridad y eficiencia de las instalaciones [&hellip;]","og_url":"http:\/\/itcertifica.com\/sitio_nuevo\/otros-servicios\/","og_site_name":"IT Certifica","article_modified_time":"2025-09-10T21:17:45+00:00","og_image":[{"url":"https:\/\/itcertifica.com\/sitio_nuevo\/wp-content\/uploads\/2025\/09\/DJI_0034_W.jpg","type":"","width":"","height":""}],"twitter_card":"summary_large_image","twitter_misc":{"Tiempo de lectura":"1 minuto"},"schema":{"@context":"https:\/\/schema.org","@graph":[{"@type":"WebPage","@id":"http:\/\/itcertifica.com\/sitio_nuevo\/otros-servicios\/","url":"http:\/\/itcertifica.com\/sitio_nuevo\/otros-servicios\/","name":"Otros servicios - IT Certifica","isPartOf":{"@id":"http:\/\/itcertifica.com\/sitio_nuevo\/#website"},"primaryImageOfPage":{"@id":"http:\/\/itcertifica.com\/sitio_nuevo\/otros-servicios\/#primaryimage"},"image":{"@id":"http:\/\/itcertifica.com\/sitio_nuevo\/otros-servicios\/#primaryimage"},"thumbnailUrl":"https:\/\/itcertifica.com\/sitio_nuevo\/wp-content\/uploads\/2025\/09\/DJI_0034_W.jpg","datePublished":"2025-09-01T21:24:04+00:00","dateModified":"2025-09-10T21:17:45+00:00","breadcrumb":{"@id":"http:\/\/itcertifica.com\/sitio_nuevo\/otros-servicios\/#breadcrumb"},"inLanguage":"es-CO","potentialAction":[{"@type":"ReadAction","target":["http:\/\/itcertifica.com\/sitio_nuevo\/otros-servicios\/"]}]},{"@type":"ImageObject","inLanguage":"es-CO","@id":"http:\/\/itcertifica.com\/sitio_nuevo\/otros-servicios\/#primaryimage","url":"https:\/\/itcertifica.com\/sitio_nuevo\/wp-content\/uploads\/2025\/09\/DJI_0034_W.jpg","contentUrl":"https:\/\/itcertifica.com\/sitio_nuevo\/wp-content\/uploads\/2025\/09\/DJI_0034_W.jpg","width":8000,"height":6000,"caption":"default"},{"@type":"BreadcrumbList","@id":"http:\/\/itcertifica.com\/sitio_nuevo\/otros-servicios\/#breadcrumb","itemListElement":[{"@type":"ListItem","position":1,"name":"Inicio","item":"http:\/\/itcertifica.com\/sitio_nuevo\/"},{"@type":"ListItem","position":2,"name":"Otros servicios"}]},{"@type":"WebSite","@id":"http:\/\/itcertifica.com\/sitio_nuevo\/#website","url":"http:\/\/itcertifica.com\/sitio_nuevo\/","name":"IT Certifica","description":"","potentialAction":[{"@type":"SearchAction","target":{"@type":"EntryPoint","urlTemplate":"http:\/\/itcertifica.com\/sitio_nuevo\/?s={search_term_string}"},"query-input":{"@type":"PropertyValueSpecification","valueRequired":true,"valueName":"search_term_string"}}],"inLanguage":"es-CO"}]}},"_links":{"self":[{"href":"https:\/\/itcertifica.com\/sitio_nuevo\/wp-json\/wp\/v2\/pages\/1283","targetHints":{"allow":["GET"]}}],"collection":[{"href":"https:\/\/itcertifica.com\/sitio_nuevo\/wp-json\/wp\/v2\/pages"}],"about":[{"href":"https:\/\/itcertifica.com\/sitio_nuevo\/wp-json\/wp\/v2\/types\/page"}],"author":[{"embeddable":true,"href":"https:\/\/itcertifica.com\/sitio_nuevo\/wp-json\/wp\/v2\/users\/1"}],"replies":[{"embeddable":true,"href":"https:\/\/itcertifica.com\/sitio_nuevo\/wp-json\/wp\/v2\/comments?post=1283"}],"version-history":[{"count":19,"href":"https:\/\/itcertifica.com\/sitio_nuevo\/wp-json\/wp\/v2\/pages\/1283\/revisions"}],"predecessor-version":[{"id":1929,"href":"https:\/\/itcertifica.com\/sitio_nuevo\/wp-json\/wp\/v2\/pages\/1283\/revisions\/1929"}],"wp:attachment":[{"href":"https:\/\/itcertifica.com\/sitio_nuevo\/wp-json\/wp\/v2\/media?parent=1283"}],"curies":[{"name":"wp","href":"https:\/\/api.w.org\/{rel}","templated":true}]}}